{"id":11211,"date":"2015-05-27T08:18:32","date_gmt":"2015-05-27T08:18:32","guid":{"rendered":"https:\/\/www.fgupm.es\/?page_id=11211"},"modified":"2025-09-16T09:02:11","modified_gmt":"2025-09-16T09:02:11","slug":"quienes-somos","status":"publish","type":"page","link":"https:\/\/www.fgupm.es\/?page_id=11211","title":{"rendered":"Quienes somos"},"content":{"rendered":"<div class=\"fusion-fullwidth fullwidth-box fusion-builder-row-1 hundred-percent-fullwidth non-hundred-percent-height-scrolling\" style=\"--awb-border-radius-top-left:0px;--awb-border-radius-top-right:0px;--awb-border-radius-bottom-right:0px;--awb-border-radius-bottom-left:0px;--awb-overflow:visible;--awb-flex-wrap:wrap;\" ><div class=\"fusion-builder-row fusion-row\"><div class=\"fusion-layout-column fusion_builder_column fusion-builder-column-0 fusion_builder_column_1_1 1_1 fusion-one-full fusion-column-first fusion-column-last\" style=\"--awb-bg-size:cover;\"><div class=\"fusion-column-wrapper fusion-flex-column-wrapper-legacy\"><div class=\"fusion-tabs fusion-tabs-1 classic nav-is-justified horizontal-tabs icon-position-left mobile-mode-accordion\" style=\"--awb-title-border-radius-top-left:0px;--awb-title-border-radius-top-right:0px;--awb-title-border-radius-bottom-right:0px;--awb-title-border-radius-bottom-left:0px;--awb-alignment:start;--awb-inactive-color:#f1f2f2;--awb-background-color:#ffffff;--awb-border-color:#ebeaea;--awb-active-border-color:#1a80b6;\"><div class=\"nav\"><ul class=\"nav-tabs nav-justified\" role=\"tablist\" aria-orientation=\"horizontal\"><li class=\"active\" role=\"presentation\"><a class=\"tab-link\" data-toggle=\"tab\" role=\"tab\" aria-controls=\"tab-d919f911264aad26540\" aria-selected=\"true\" tabindex=\"0\" id=\"fusion-tab-d919f911264aad26540\" href=\"#tab-d919f911264aad26540\"><h4 class=\"fusion-tab-heading\">La FGUPM<\/h4><\/a><\/li><li  role=\"presentation\"><a class=\"tab-link\" data-toggle=\"tab\" role=\"tab\" aria-controls=\"tab-4a2698b15985b221edf\" aria-selected=\"false\" tabindex=\"-1\" id=\"fusion-tab-4a2698b15985b221edf\" href=\"#tab-4a2698b15985b221edf\"><h4 class=\"fusion-tab-heading\">Organigrama<\/h4><\/a><\/li><li  role=\"presentation\"><a class=\"tab-link\" data-toggle=\"tab\" role=\"tab\" aria-controls=\"tab-6c69ced1dda07c63068\" aria-selected=\"false\" tabindex=\"-1\" id=\"fusion-tab-6c69ced1dda07c63068\" href=\"#tab-6c69ced1dda07c63068\"><h4 class=\"fusion-tab-heading\">Directorio<\/h4><\/a><\/li><li  role=\"presentation\"><a class=\"tab-link\" data-toggle=\"tab\" role=\"tab\" aria-controls=\"tab-85df1c83f24652012b5\" aria-selected=\"false\" tabindex=\"-1\" id=\"fusion-tab-85df1c83f24652012b5\" href=\"#tab-85df1c83f24652012b5\"><h4 class=\"fusion-tab-heading\">Localizaci\u00f3n<\/h4><\/a><\/li><li  role=\"presentation\"><a class=\"tab-link\" data-toggle=\"tab\" role=\"tab\" aria-controls=\"tab-6f0e95f25b6e588a0b2\" aria-selected=\"false\" tabindex=\"-1\" id=\"fusion-tab-6f0e95f25b6e588a0b2\" href=\"#tab-6f0e95f25b6e588a0b2\"><h4 class=\"fusion-tab-heading\">Horario<\/h4><\/a><\/li><\/ul><\/div><div class=\"tab-content\"><div class=\"nav fusion-mobile-tab-nav\"><ul class=\"nav-tabs nav-justified\" role=\"tablist\" aria-orientation=\"horizontal\"><li class=\"active\" role=\"presentation\"><a class=\"tab-link\" data-toggle=\"tab\" role=\"tab\" aria-controls=\"tab-d919f911264aad26540\" aria-selected=\"true\" tabindex=\"0\" id=\"mobile-fusion-tab-d919f911264aad26540\" href=\"#tab-d919f911264aad26540\"><h4 class=\"fusion-tab-heading\">La FGUPM<\/h4><\/a><\/li><\/ul><\/div><div class=\"tab-pane fade fusion-clearfix in active\" role=\"tabpanel\" tabindex=\"0\" aria-labelledby=\"fusion-tab-d919f911264aad26540\" id=\"tab-d919f911264aad26540\">\n<p class=\"p1\">La Fundaci\u00f3n General de la Universidad Polit\u00e9cnica de Madrid (FGUPM) es una entidad con personalidad jur\u00eddica\u00a0propia y plena capacidad para obrar, creada en el a\u00f1o 1981 por voluntad expresa de la Junta de Gobierno de la\u00a0UPM como entidad sin \u00e1nimo de lucro dedicada, primordialmente, a la promoci\u00f3n de la educaci\u00f3n y a la investigaci\u00f3n\u00a0cient\u00edfica y t\u00e9cnica, siendo una instituci\u00f3n ben\u00e9fica docente a todos los efectos legales.<\/p>\n<p class=\"p1\">Se trata de una entidad de derecho privado, dependiente de la Universidad Polit\u00e9cnica de Madrid seg\u00fan sus estatutos, que tiene reconocida\u00a0 a los solos efectos de la Ley de Contratos del Sector P\u00fablico, Ley 9\/2017, de 8 de noviembre, la condici\u00f3n de Fundaci\u00f3n P\u00fablica con naturaleza de Poder Adjudicador y Medio Propio Personificado de la UPM, en los t\u00e9rminos de los art\u00edculos 3 y 30 de dicho precepto legal.<\/p>\n<p class=\"p1\">La FGUPM tiene como misi\u00f3n<span class=\"Apple-converted-space\">\u00a0 <\/span>cooperar al cumplimiento de los fines de la Universidad Polit\u00e9cnica de Madrid y\u00a0servir de puente entre la Universidad y su entorno realizando aquellas actividades que la estructura universitaria no\u00a0puede realizar por s\u00ed misma suficientemente.<\/p>\n<p class=\"p1\">La Fundaci\u00f3n est\u00e1 inscrita en el Registro de Fundaciones bajo el protectorado de la Consejer\u00eda de Educaci\u00f3n de la\u00a0Comunidad de Madrid.<\/p>\n<p class=\"p1\">\n<\/div><div class=\"nav fusion-mobile-tab-nav\"><ul class=\"nav-tabs nav-justified\" role=\"tablist\" aria-orientation=\"horizontal\"><li  role=\"presentation\"><a class=\"tab-link\" data-toggle=\"tab\" role=\"tab\" aria-controls=\"tab-4a2698b15985b221edf\" aria-selected=\"false\" tabindex=\"-1\" id=\"mobile-fusion-tab-4a2698b15985b221edf\" href=\"#tab-4a2698b15985b221edf\"><h4 class=\"fusion-tab-heading\">Organigrama<\/h4><\/a><\/li><\/ul><\/div><div class=\"tab-pane fade fusion-clearfix\" role=\"tabpanel\" tabindex=\"0\" aria-labelledby=\"fusion-tab-4a2698b15985b221edf\" id=\"tab-4a2698b15985b221edf\">\n<div class=\"fusion-image-element in-legacy-container\" style=\"--awb-caption-title-font-family:var(--h2_typography-font-family);--awb-caption-title-font-weight:var(--h2_typography-font-weight);--awb-caption-title-font-style:var(--h2_typography-font-style);--awb-caption-title-size:var(--h2_typography-font-size);--awb-caption-title-transform:var(--h2_typography-text-transform);--awb-caption-title-line-height:var(--h2_typography-line-height);--awb-caption-title-letter-spacing:var(--h2_typography-letter-spacing);\"><span class=\" fusion-imageframe imageframe-none imageframe-2 hover-type-none\"><img decoding=\"async\" width=\"2339\" height=\"1654\" title=\"V22_Organigrama NOMBRES 3_2_2025\" src=\"https:\/\/www.fgupm.es\/wp-content\/uploads\/2025\/09\/V22_Organigrama-NOMBRES-3_2_2025.png\" alt class=\"img-responsive wp-image-14354\" srcset=\"https:\/\/www.fgupm.es\/wp-content\/uploads\/2025\/09\/V22_Organigrama-NOMBRES-3_2_2025-200x141.png 200w, https:\/\/www.fgupm.es\/wp-content\/uploads\/2025\/09\/V22_Organigrama-NOMBRES-3_2_2025-400x283.png 400w, https:\/\/www.fgupm.es\/wp-content\/uploads\/2025\/09\/V22_Organigrama-NOMBRES-3_2_2025-600x424.png 600w, https:\/\/www.fgupm.es\/wp-content\/uploads\/2025\/09\/V22_Organigrama-NOMBRES-3_2_2025-800x566.png 800w, https:\/\/www.fgupm.es\/wp-content\/uploads\/2025\/09\/V22_Organigrama-NOMBRES-3_2_2025-1200x849.png 1200w, https:\/\/www.fgupm.es\/wp-content\/uploads\/2025\/09\/V22_Organigrama-NOMBRES-3_2_2025.png 2339w\" sizes=\"(max-width: 800px) 100vw, 1200px\" \/><\/span><\/div>\n<\/div><div class=\"nav fusion-mobile-tab-nav\"><ul class=\"nav-tabs nav-justified\" role=\"tablist\" aria-orientation=\"horizontal\"><li  role=\"presentation\"><a class=\"tab-link\" data-toggle=\"tab\" role=\"tab\" aria-controls=\"tab-6c69ced1dda07c63068\" aria-selected=\"false\" tabindex=\"-1\" id=\"mobile-fusion-tab-6c69ced1dda07c63068\" href=\"#tab-6c69ced1dda07c63068\"><h4 class=\"fusion-tab-heading\">Directorio<\/h4><\/a><\/li><\/ul><\/div><div class=\"tab-pane fade fusion-clearfix\" role=\"tabpanel\" tabindex=\"0\" aria-labelledby=\"fusion-tab-6c69ced1dda07c63068\" id=\"tab-6c69ced1dda07c63068\">\n<div class=\"fusion-image-element in-legacy-container\" style=\"--awb-caption-title-font-family:var(--h2_typography-font-family);--awb-caption-title-font-weight:var(--h2_typography-font-weight);--awb-caption-title-font-style:var(--h2_typography-font-style);--awb-caption-title-size:var(--h2_typography-font-size);--awb-caption-title-transform:var(--h2_typography-text-transform);--awb-caption-title-line-height:var(--h2_typography-line-height);--awb-caption-title-letter-spacing:var(--h2_typography-letter-spacing);\"><span class=\" fusion-imageframe imageframe-none imageframe-3 hover-type-none\"><img decoding=\"async\" width=\"2339\" height=\"1654\" title=\"v21 Directorio 24_6_21\" src=\"https:\/\/www.fgupm.es\/wp-content\/uploads\/2025\/06\/v21-Directorio-24_6_21.png\" alt class=\"img-responsive wp-image-14298\" srcset=\"https:\/\/www.fgupm.es\/wp-content\/uploads\/2025\/06\/v21-Directorio-24_6_21-200x141.png 200w, https:\/\/www.fgupm.es\/wp-content\/uploads\/2025\/06\/v21-Directorio-24_6_21-400x283.png 400w, https:\/\/www.fgupm.es\/wp-content\/uploads\/2025\/06\/v21-Directorio-24_6_21-600x424.png 600w, https:\/\/www.fgupm.es\/wp-content\/uploads\/2025\/06\/v21-Directorio-24_6_21-800x566.png 800w, https:\/\/www.fgupm.es\/wp-content\/uploads\/2025\/06\/v21-Directorio-24_6_21-1200x849.png 1200w, https:\/\/www.fgupm.es\/wp-content\/uploads\/2025\/06\/v21-Directorio-24_6_21.png 2339w\" sizes=\"(max-width: 800px) 100vw, 1200px\" \/><\/span><\/div>\n<\/div><div class=\"nav fusion-mobile-tab-nav\"><ul class=\"nav-tabs nav-justified\" role=\"tablist\" aria-orientation=\"horizontal\"><li  role=\"presentation\"><a class=\"tab-link\" data-toggle=\"tab\" role=\"tab\" aria-controls=\"tab-85df1c83f24652012b5\" aria-selected=\"false\" tabindex=\"-1\" id=\"mobile-fusion-tab-85df1c83f24652012b5\" href=\"#tab-85df1c83f24652012b5\"><h4 class=\"fusion-tab-heading\">Localizaci\u00f3n<\/h4><\/a><\/li><\/ul><\/div><div class=\"tab-pane fade fusion-clearfix\" role=\"tabpanel\" tabindex=\"0\" aria-labelledby=\"fusion-tab-85df1c83f24652012b5\" id=\"tab-85df1c83f24652012b5\">\n<h2>Direcci\u00f3n<\/h2>\n<p>Fundaci\u00f3n General de la UPM<br \/>\nCalle Pastor, 3<br \/>\n28003 Madrid<\/p>\n\t\t\t\t\t<script type=\"text\/javascript\">\n\t\t\t\t\t\tvar map_fusion_map_69f30485cc91e;\n\t\t\t\t\t\tvar markers = [];\n\t\t\t\t\t\tvar counter = 0;\n\t\t\t\t\t\t\t\t\t\t\t\t\t\t\t\t\t\t\t\tvar fusionMapNonce = '78363fbbcd';\n\t\t\t\t\t\t\t\t\t\t\t\tfunction fusion_run_map_fusion_map_69f30485cc91e() {\n\t\t\t\t\t\t\tjQuery ('#fusion_map_69f30485cc91e' ).fusion_maps( {\n\t\t\t\t\t\t\t\taddresses: [{\"address\":\"Pastor 3, 28003 Madrid\",\"infobox_content\":\"Pastor 3, 28003 Madrid\",\"coordinates\":false,\"cache\":true,\"latitude\":\"40.4447593\",\"longitude\":\"-3.718285000000037\"}],\n\t\t\t\t\t\t\t\tanimations: true,\n\t\t\t\t\t\t\t\tinfobox_background_color: '#dddddd',\n\t\t\t\t\t\t\t\tinfobox_styling: 'default',\n\t\t\t\t\t\t\t\tinfobox_text_color: '',\n\t\t\t\t\t\t\t\tmap_style: 'default',\n\t\t\t\t\t\t\t\tmap_type: 'roadmap',\n\t\t\t\t\t\t\t\tmarker_icon: '',\n\t\t\t\t\t\t\t\toverlay_color: '',\n\t\t\t\t\t\t\t\toverlay_color_hsl: {\"hue\":0,\"sat\":0,\"lum\":100},\n\t\t\t\t\t\t\t\tshow_address: true,\n\t\t\t\t\t\t\t\tscale_control: true,\n\t\t\t\t\t\t\t\tscrollwheel: true,\n\t\t\t\t\t\t\t\tzoom: 17,\n\t\t\t\t\t\t\t\tzoom_control: true,\n\t\t\t\t\t\t\t} );\n\t\t\t\t\t\t}\n\n\t\t\t\t\t\tgoogle.maps.event.addDomListener(window, 'load', fusion_run_map_fusion_map_69f30485cc91e);\n\t\t\t\t\t<\/script>\n\t\t\t\t\t<div class=\"shortcode-map fusion-google-map fusion-maps-js-type\" style=\"--awb-height:400px;\" id=\"fusion_map_69f30485cc91e\"><\/div>\n<h2>C\u00f3mo llegar<\/h2>\n<p>En metro: Vicente Aleixandre (L6), Guzm\u00e1n el Bueno (L6,7)<br \/>\nEn autob\u00fas: Circular<\/p>\n<h2><\/h2>\n<\/div><div class=\"nav fusion-mobile-tab-nav\"><ul class=\"nav-tabs nav-justified\" role=\"tablist\" aria-orientation=\"horizontal\"><li  role=\"presentation\"><a class=\"tab-link\" data-toggle=\"tab\" role=\"tab\" aria-controls=\"tab-6f0e95f25b6e588a0b2\" aria-selected=\"false\" tabindex=\"-1\" id=\"mobile-fusion-tab-6f0e95f25b6e588a0b2\" href=\"#tab-6f0e95f25b6e588a0b2\"><h4 class=\"fusion-tab-heading\">Horario<\/h4><\/a><\/li><\/ul><\/div><div class=\"tab-pane fade fusion-clearfix\" role=\"tabpanel\" tabindex=\"0\" aria-labelledby=\"fusion-tab-6f0e95f25b6e588a0b2\" id=\"tab-6f0e95f25b6e588a0b2\">\n<h2>Horario<\/h2>\n<p>Horario:<\/p>\n<ul>\n<li>Lunes a jueves de 8:00 a 18:00<\/li>\n<li>Viernes de 8:00 a 15:00<\/li>\n<\/ul>\n<p>Tel\u00e9fono: 91 533 99 78<\/div><\/div><\/div><div class=\"fusion-clearfix\"><\/div><\/div><\/div><\/div><\/div>\n","protected":false},"excerpt":{"rendered":"","protected":false},"author":1,"featured_media":0,"parent":0,"menu_order":0,"comment_status":"open","ping_status":"open","template":"","meta":{"footnotes":""},"class_list":["post-11211","page","type-page","status-publish","hentry"],"_links":{"self":[{"href":"https:\/\/www.fgupm.es\/index.php?rest_route=\/wp\/v2\/pages\/11211","targetHints":{"allow":["GET"]}}],"collection":[{"href":"https:\/\/www.fgupm.es\/index.php?rest_route=\/wp\/v2\/pages"}],"about":[{"href":"https:\/\/www.fgupm.es\/index.php?rest_route=\/wp\/v2\/types\/page"}],"author":[{"embeddable":true,"href":"https:\/\/www.fgupm.es\/index.php?rest_route=\/wp\/v2\/users\/1"}],"replies":[{"embeddable":true,"href":"https:\/\/www.fgupm.es\/index.php?rest_route=%2Fwp%2Fv2%2Fcomments&post=11211"}],"version-history":[{"count":113,"href":"https:\/\/www.fgupm.es\/index.php?rest_route=\/wp\/v2\/pages\/11211\/revisions"}],"predecessor-version":[{"id":14356,"href":"https:\/\/www.fgupm.es\/index.php?rest_route=\/wp\/v2\/pages\/11211\/revisions\/14356"}],"wp:attachment":[{"href":"https:\/\/www.fgupm.es\/index.php?rest_route=%2Fwp%2Fv2%2Fmedia&parent=11211"}],"curies":[{"name":"wp","href":"https:\/\/api.w.org\/{rel}","templated":true}]}}