{"id":11350,"date":"2015-06-10T11:04:52","date_gmt":"2015-06-10T11:04:52","guid":{"rendered":"https:\/\/www.fgupm.es\/?page_id=11350"},"modified":"2022-09-16T08:52:30","modified_gmt":"2022-09-16T08:52:30","slug":"gestion-de-proyectos-articulos-83-de-la-lou","status":"publish","type":"page","link":"https:\/\/www.fgupm.es\/?page_id=11350","title":{"rendered":"Gesti\u00f3n de Proyectos Art\u00edculos 83 de la LOU"},"content":{"rendered":"<p>La FGUPM, desde sus Servicios Centrales suscribe convenios de colaboraci\u00f3n y asistencias t\u00e9cnicas con diferentes entidades p\u00fablicas y privadas desarrollando de esta forma una labor de intermediaci\u00f3n entre el personal docente e investigador de la UPM y dichas entidades.<\/p>\n<p>Con este servicio se favorece el intercambio de conocimientos entre el mundo empresarial y el personal docente de la Universidad Polit\u00e9cnica de Madrid y <strong>representa el 18,7% del total de ingresos<\/strong> de la FGUPM a lo largo del a\u00f1o 2021.<\/p>\n<p>La distribuci\u00f3n de los convenios y asistencias T\u00e9cnicas gestionados en la FGUPM por centros es la siguiente:<\/p>\n<div class=\"fusion-table table-1\">\n<table width=\"100%\">\n<thead>\n<tr>\n<th style=\"text-align: left;\"><strong>Centro<\/strong><\/th>\n<th style=\"text-align: center;\">2018<\/th>\n<th style=\"text-align: center;\">2019<\/th>\n<th style=\"text-align: center;\">2020<\/th>\n<th style=\"text-align: center;\">2021<\/th>\n<\/tr>\n<\/thead>\n<tbody>\n<tr>\n<td>ETSI Aeron\u00e1uticos<\/td>\n<td style=\"text-align: center;\">4<\/td>\n<td style=\"text-align: center;\">2<\/td>\n<td style=\"text-align: center;\">1<\/td>\n<td style=\"text-align: center;\">1<\/td>\n<\/tr>\n<tr>\n<td>ETS Arquitectura<\/td>\n<td style=\"text-align: center;\">60<\/td>\n<td style=\"text-align: center;\">63<\/td>\n<td style=\"text-align: center;\">58<\/td>\n<td style=\"text-align: center;\">93<\/td>\n<\/tr>\n<tr>\n<td>ETSI Caminos, Canales y Puertos<\/td>\n<td style=\"text-align: center;\">11<\/td>\n<td style=\"text-align: center;\">13<\/td>\n<td style=\"text-align: center;\">8<\/td>\n<td style=\"text-align: center;\">12<\/td>\n<\/tr>\n<tr>\n<td style=\"text-align: left;\">ETSI Industriales<\/td>\n<td style=\"text-align: center;\">52<\/td>\n<td style=\"text-align: center;\">42<\/td>\n<td style=\"text-align: center;\">22<\/td>\n<td style=\"text-align: center;\">21<\/td>\n<\/tr>\n<tr>\n<td style=\"text-align: left;\">ETSI Minas y Energ\u00eda<\/td>\n<td style=\"text-align: center;\">46<\/td>\n<td style=\"text-align: center;\">39<\/td>\n<td style=\"text-align: center;\">40<\/td>\n<td style=\"text-align: center;\">41<\/td>\n<\/tr>\n<tr>\n<td style=\"text-align: left;\">ETSI Montes<\/td>\n<td style=\"text-align: center;\">3<\/td>\n<td style=\"text-align: center;\">2<\/td>\n<td style=\"text-align: center;\">0<\/td>\n<td style=\"text-align: center;\">0<\/td>\n<\/tr>\n<tr>\n<td style=\"text-align: left;\">ETSI Navales<\/td>\n<td style=\"text-align: center;\">0<\/td>\n<td style=\"text-align: center;\">2<\/td>\n<td style=\"text-align: center;\">1<\/td>\n<td style=\"text-align: center;\">0<\/td>\n<\/tr>\n<tr>\n<td style=\"text-align: left;\">ETSI Telecomunicaci\u00f3n<\/td>\n<td style=\"text-align: center;\">24<\/td>\n<td style=\"text-align: center;\">11<\/td>\n<td style=\"text-align: center;\">15<\/td>\n<td style=\"text-align: center;\">19<\/td>\n<\/tr>\n<tr>\n<td style=\"text-align: left;\">ETSI Inform\u00e1ticos<\/td>\n<td style=\"text-align: center;\">28<\/td>\n<td style=\"text-align: center;\">27<\/td>\n<td style=\"text-align: center;\">19<\/td>\n<td style=\"text-align: center;\">29<\/td>\n<\/tr>\n<tr>\n<td style=\"text-align: left;\">ETSI Aeron\u00e1utica y del Espacio<\/td>\n<td style=\"text-align: center;\">68<\/td>\n<td style=\"text-align: center;\">58<\/td>\n<td style=\"text-align: center;\">44<\/td>\n<td style=\"text-align: center;\">57<\/td>\n<\/tr>\n<tr>\n<td style=\"text-align: left;\">ETSI Agron\u00f3mica, Alimentaria y de Biosistemas<\/td>\n<td style=\"text-align: center;\">38<\/td>\n<td style=\"text-align: center;\">44<\/td>\n<td style=\"text-align: center;\">45<\/td>\n<td style=\"text-align: center;\">57<\/td>\n<\/tr>\n<tr>\n<td style=\"text-align: left;\">ETSI Montes, Forestal y del Medio Natural<\/td>\n<td style=\"text-align: center;\">27<\/td>\n<td style=\"text-align: center;\">31<\/td>\n<td style=\"text-align: center;\">16<\/td>\n<td style=\"text-align: center;\">26<\/td>\n<\/tr>\n<tr>\n<td style=\"text-align: left;\">EUIT Agr\u00edcola<\/td>\n<td style=\"text-align: center;\">2<\/td>\n<td style=\"text-align: center;\">3<\/td>\n<td style=\"text-align: center;\">0<\/td>\n<td style=\"text-align: center;\">0<\/td>\n<\/tr>\n<tr>\n<td style=\"text-align: left;\">ETS Edificaci\u00f3n<\/td>\n<td style=\"text-align: center;\">8<\/td>\n<td style=\"text-align: center;\">4<\/td>\n<td style=\"text-align: center;\">6<\/td>\n<td style=\"text-align: center;\">5<\/td>\n<\/tr>\n<tr>\n<td style=\"text-align: left;\">ETS Ingenier\u00eda y Dise\u00f1o Industrial<\/td>\n<td style=\"text-align: center;\">50<\/td>\n<td style=\"text-align: center;\">40<\/td>\n<td style=\"text-align: center;\">35<\/td>\n<td style=\"text-align: center;\">30<\/td>\n<\/tr>\n<tr>\n<td style=\"text-align: left;\">ETS Ingenier\u00eda Civil<\/td>\n<td style=\"text-align: center;\">15<\/td>\n<td style=\"text-align: center;\">19<\/td>\n<td style=\"text-align: center;\">12<\/td>\n<td style=\"text-align: center;\">6<\/td>\n<\/tr>\n<tr>\n<td style=\"text-align: left;\">ETS Ingenier\u00eda y Sistema de Telecomunicaci\u00f3n<\/td>\n<td style=\"text-align: center;\">1<\/td>\n<td style=\"text-align: center;\">1<\/td>\n<td style=\"text-align: center;\">1<\/td>\n<td style=\"text-align: center;\">5<\/td>\n<\/tr>\n<tr>\n<td style=\"text-align: left;\">ETSI Topograf\u00eda, Geodesia y Cartograf\u00eda<\/td>\n<td style=\"text-align: center;\">9<\/td>\n<td style=\"text-align: center;\">7<\/td>\n<td style=\"text-align: center;\">5<\/td>\n<td style=\"text-align: center;\">6<\/td>\n<\/tr>\n<tr>\n<td style=\"text-align: left;\">ETS Ingenier\u00eda de Sistemas Inform\u00e1ticos<\/td>\n<td style=\"text-align: center;\">12<\/td>\n<td style=\"text-align: center;\">9<\/td>\n<td style=\"text-align: center;\">9<\/td>\n<td style=\"text-align: center;\">16<\/td>\n<\/tr>\n<tr>\n<td style=\"text-align: left;\">INEF<\/td>\n<td style=\"text-align: center;\">2<\/td>\n<td style=\"text-align: center;\">3<\/td>\n<td style=\"text-align: center;\">1<\/td>\n<td style=\"text-align: center;\">4<\/td>\n<\/tr>\n<tr>\n<td style=\"text-align: left;\">Ctro. Tecnolog\u00eda Biom\u00e9dica (Campus Montegancedo)<\/td>\n<td style=\"text-align: center;\">7<\/td>\n<td style=\"text-align: center;\">7<\/td>\n<td style=\"text-align: center;\">7<\/td>\n<td style=\"text-align: center;\">5<\/td>\n<\/tr>\n<tr>\n<td style=\"text-align: left;\">Rectorado<\/td>\n<td style=\"text-align: center;\">4<\/td>\n<td style=\"text-align: center;\">4<\/td>\n<td style=\"text-align: center;\">2<\/td>\n<td style=\"text-align: center;\">5<\/td>\n<\/tr>\n<tr>\n<td style=\"text-align: left;\">Centro Laser U.P.M.<\/td>\n<td style=\"text-align: center;\">1<\/td>\n<td style=\"text-align: center;\">0<\/td>\n<td style=\"text-align: center;\">0<\/td>\n<td style=\"text-align: center;\">0<\/td>\n<\/tr>\n<tr>\n<td style=\"text-align: left;\">Centro de I+D+i en Procesado Informaci\u00f3n<\/td>\n<td style=\"text-align: center;\">0<\/td>\n<td style=\"text-align: center;\">5<\/td>\n<td style=\"text-align: center;\">8<\/td>\n<td style=\"text-align: center;\">2<\/td>\n<\/tr>\n<tr>\n<td style=\"text-align: left;\">Centro Internacional de Estudios sobre el Patrimonio Cultural<\/td>\n<td style=\"text-align: center;\">1<\/td>\n<td style=\"text-align: center;\">1<\/td>\n<td style=\"text-align: center;\">0<\/td>\n<td style=\"text-align: center;\">1<\/td>\n<\/tr>\n<tr>\n<td style=\"text-align: left;\">Otros<\/td>\n<td style=\"text-align: center;\">15<\/td>\n<td style=\"text-align: center;\">19<\/td>\n<td style=\"text-align: center;\">18<\/td>\n<td style=\"text-align: center;\">22<\/td>\n<\/tr>\n<tr>\n<td style=\"text-align: left;\"><strong>TOTAL<\/strong><\/td>\n<td style=\"text-align: center;\"><strong>488<\/strong><\/td>\n<td style=\"text-align: center;\"><strong>456<\/strong><\/td>\n<td style=\"text-align: center;\"><strong>373<\/strong><\/td>\n<td style=\"text-align: center;\"><strong>463<\/strong><\/td>\n<\/tr>\n<tr>\n<td style=\"text-align: left;\"><\/td>\n<td style=\"text-align: center;\"><\/td>\n<td style=\"text-align: center;\"><\/td>\n<td style=\"text-align: center;\"><\/td>\n<td style=\"text-align: center;\"><\/td>\n<\/tr>\n<tr>\n<td style=\"text-align: left;\"><\/td>\n<td style=\"text-align: center;\"><\/td>\n<td style=\"text-align: center;\"><\/td>\n<td style=\"text-align: center;\"><\/td>\n<td style=\"text-align: center;\"><\/td>\n<\/tr>\n<tr>\n<td><\/td>\n<td style=\"text-align: center;\"><\/td>\n<td style=\"text-align: center;\"><\/td>\n<td style=\"text-align: center;\"><\/td>\n<td style=\"text-align: center;\"><\/td>\n<\/tr>\n<\/tbody>\n<\/table>\n<\/div>\n<h3>Datos de Inter\u00e9s<\/h3>\n<div class=\"fusion-table table-1\">\n<table width=\"100%\">\n<thead>\n<tr>\n<th><\/th>\n<th style=\"text-align: center;\">2018<\/th>\n<th style=\"text-align: center;\">2019<\/th>\n<th style=\"text-align: center;\">2020<\/th>\n<th style=\"text-align: center;\">2021<\/th>\n<\/tr>\n<\/thead>\n<tbody>\n<tr>\n<td>N\u00famero de convenios y asistencias t\u00e9cnicas gestionados en el ejercicio<\/td>\n<td style=\"text-align: center;\">488<\/td>\n<td style=\"text-align: center;\">456<\/td>\n<td style=\"text-align: center;\">373<\/td>\n<td style=\"text-align: center;\">463<\/td>\n<\/tr>\n<tr>\n<td>Ingresos por la actividad de convenios y asistencias t\u00e9cnicas<\/td>\n<td style=\"text-align: center;\">4.594.498,46\u20ac<\/td>\n<td style=\"text-align: center;\">3.882.372,34\u20ac<\/td>\n<td style=\"text-align: center;\">3.633.055,77\u20ac<\/td>\n<td style=\"text-align: center;\">3.643.973,27\u20ac<\/td>\n<\/tr>\n<tr>\n<td>Cobros en banco con cargo a convenios y asistencias t\u00e9cnicas<\/td>\n<td style=\"text-align: center;\">4.874.691,66\u20ac<\/td>\n<td style=\"text-align: center;\">4.100.414,73\u20ac<\/td>\n<td style=\"text-align: center;\">\u00a04.031.775,49\u20ac<\/td>\n<td style=\"text-align: center;\">4.949.425,17\u20ac<\/td>\n<\/tr>\n<tr>\n<td>Canon UPM<\/td>\n<td style=\"text-align: center;\">515.433,17\u20ac<\/td>\n<td style=\"text-align: center;\">418.398,90\u20ac<\/td>\n<td style=\"text-align: center;\">378.065,96\u20ac<\/td>\n<td style=\"text-align: center;\">\u00a0279.022,05\u20ac<\/td>\n<\/tr>\n<\/tbody>\n<\/table>\n<\/div>\n","protected":false},"excerpt":{"rendered":"<p>La FGUPM, desde sus Servicios Centrales suscribe convenios de colaboraci\u00f3n y asistencias t\u00e9cnicas con diferentes entidades p\u00fablicas y privadas desarrollando de esta forma una labor de intermediaci\u00f3n entre el personal docente e investigador de la UPM y dichas entidades. Con este servicio se favorece el intercambio de conocimientos entre el mundo empresarial y el personal  [&#8230;]<\/p>\n","protected":false},"author":1,"featured_media":0,"parent":0,"menu_order":0,"comment_status":"open","ping_status":"open","template":"","meta":{"footnotes":""},"class_list":["post-11350","page","type-page","status-publish","hentry"],"_links":{"self":[{"href":"https:\/\/www.fgupm.es\/index.php?rest_route=\/wp\/v2\/pages\/11350","targetHints":{"allow":["GET"]}}],"collection":[{"href":"https:\/\/www.fgupm.es\/index.php?rest_route=\/wp\/v2\/pages"}],"about":[{"href":"https:\/\/www.fgupm.es\/index.php?rest_route=\/wp\/v2\/types\/page"}],"author":[{"embeddable":true,"href":"https:\/\/www.fgupm.es\/index.php?rest_route=\/wp\/v2\/users\/1"}],"replies":[{"embeddable":true,"href":"https:\/\/www.fgupm.es\/index.php?rest_route=%2Fwp%2Fv2%2Fcomments&post=11350"}],"version-history":[{"count":28,"href":"https:\/\/www.fgupm.es\/index.php?rest_route=\/wp\/v2\/pages\/11350\/revisions"}],"predecessor-version":[{"id":13798,"href":"https:\/\/www.fgupm.es\/index.php?rest_route=\/wp\/v2\/pages\/11350\/revisions\/13798"}],"wp:attachment":[{"href":"https:\/\/www.fgupm.es\/index.php?rest_route=%2Fwp%2Fv2%2Fmedia&parent=11350"}],"curies":[{"name":"wp","href":"https:\/\/api.w.org\/{rel}","templated":true}]}}