{"id":11370,"date":"2015-06-10T15:10:29","date_gmt":"2015-06-10T15:10:29","guid":{"rendered":"https:\/\/www.fgupm.es\/?page_id=11370"},"modified":"2024-09-23T16:32:35","modified_gmt":"2024-09-23T16:32:35","slug":"indicadores","status":"publish","type":"page","link":"https:\/\/www.fgupm.es\/?page_id=11370","title":{"rendered":"Indicadores de Gesti\u00f3n"},"content":{"rendered":"<div class=\"fusion-table table-1\">\n<p>Datos a 31 de diciembre de cada a\u00f1o<\/p>\n<p>Los datos presentados son los \u00faltimos aprobados.<\/p>\n<table>\n<thead>\n<tr>\n<th style=\"text-align: left;\">ECON\u00d3MICOS<\/th>\n<th style=\"text-align: center;\">2020<\/th>\n<th style=\"text-align: center;\">2021<\/th>\n<th style=\"text-align: center;\">2022<\/th>\n<th style=\"text-align: center;\">2023<\/th>\n<\/tr>\n<\/thead>\n<tbody>\n<tr>\n<td width=\"70%\">Ingresos del ejercicio<\/td>\n<td style=\"text-align: center;\">19.103.975,61\u20ac<\/td>\n<td style=\"text-align: center;\">19.550.838,11\u20ac<\/td>\n<td style=\"text-align: center;\">22.648.657,64\u20ac<\/td>\n<td style=\"text-align: center;\">24.531.317,19\u20ac<\/td>\n<\/tr>\n<tr>\n<td style=\"text-align: left;\">Gastos del ejercicio<\/td>\n<td style=\"text-align: center;\">19.096.874,76\u20ac<\/td>\n<td style=\"text-align: center;\">19.549.578,61\u20ac<\/td>\n<td style=\"text-align: center;\">22.643.488,83\u20ac<\/td>\n<td style=\"text-align: center;\">24.510.664,43\u20ac<\/td>\n<\/tr>\n<tr>\n<td style=\"text-align: right;\"><strong>Resultado del ejercicio<\/strong><\/td>\n<td style=\"text-align: center;\"><strong>25.589,98\u20ac<\/strong><\/td>\n<td style=\"text-align: center;\"><strong>7.100,85\u20ac<\/strong><\/td>\n<td style=\"text-align: center;\"><strong>1.259,50\u20ac<\/strong><\/td>\n<td style=\"text-align: center;\"><strong>20.652,76\u20ac<\/strong><\/td>\n<\/tr>\n<\/tbody>\n<\/table>\n<\/div>\n<p>&nbsp;<\/p>\n<div class=\"fusion-table table-1\">\n<table width=\"100%\">\n<thead>\n<tr>\n<th style=\"text-align: left;\" width=\"40%\">INGRESOS<\/th>\n<th style=\"text-align: center;\">2020<\/th>\n<th style=\"text-align: center;\">2021<\/th>\n<th style=\"text-align: center;\">2022<\/th>\n<th style=\"text-align: center;\">2023<\/th>\n<\/tr>\n<\/thead>\n<tbody>\n<tr>\n<td style=\"text-align: left;\">Convenios y Asistencias T\u00e9cnicas<\/td>\n<td style=\"text-align: center;\">3.633.055,77\u20ac<\/td>\n<td style=\"text-align: center;\">3.643.973,27\u20ac<\/td>\n<td style=\"text-align: center;\">3.660.736,66\u20ac<\/td>\n<td style=\"text-align: center;\">4.347.499,78\u20ac<\/td>\n<\/tr>\n<tr>\n<td style=\"text-align: left;\">Cursos<\/td>\n<td style=\"text-align: center;\">6.516.677,22\u20ac<\/td>\n<td style=\"text-align: center;\">6.439.080,85\u20ac<\/td>\n<td style=\"text-align: center;\">7.042.891,87\u20ac<\/td>\n<td style=\"text-align: center;\">7.191.415,58\u20ac<\/td>\n<\/tr>\n<tr>\n<td style=\"text-align: left;\">Becas<\/td>\n<td style=\"text-align: center;\">26.891,07\u20ac<\/td>\n<td style=\"text-align: center;\">62.668,38\u20ac<\/td>\n<td style=\"text-align: center;\">93.629,74\u20ac<\/td>\n<td style=\"text-align: center;\">42.794,40\u20ac<\/td>\n<\/tr>\n<tr>\n<td style=\"text-align: left;\">Otras Encomiendas de Gesti\u00f3n<\/td>\n<td style=\"text-align: center;\">7.383.732,68\u20ac<\/td>\n<td style=\"text-align: center;\">8.038.521,18\u20ac<\/td>\n<td style=\"text-align: center;\">10.650.440,30\u20ac<\/td>\n<td style=\"text-align: center;\">11.748.967,76\u20ac<\/td>\n<\/tr>\n<tr>\n<td style=\"text-align: left;\">Arrendamiento Edificios Parque<\/td>\n<td style=\"text-align: center;\">1.543.618,87\u20ac<\/td>\n<td style=\"text-align: center;\">1.366.594,43\u20ac<\/td>\n<td style=\"text-align: center;\">1.200.955,07\u20ac<\/td>\n<td style=\"text-align: center;\">1.200.639,67\u20ac<\/td>\n<\/tr>\n<tr>\n<td style=\"text-align: right;\"><strong>TOTAL INGRESOS<\/strong><\/td>\n<td style=\"text-align: center;\"><strong>19.103.975,61\u20ac<\/strong><\/td>\n<td style=\"text-align: center;\"><strong>19.550.838,11\u20ac<\/strong><\/td>\n<td style=\"text-align: center;\"><strong>22.648.657,64\u20ac<\/strong><\/td>\n<td style=\"text-align: center;\"><strong>24.531.317,19\u20ac<\/strong><\/td>\n<\/tr>\n<\/tbody>\n<\/table>\n<\/div>\n<p>&nbsp;<\/p>\n<div class=\"fusion-table table-1\">\n<table width=\"100%\">\n<thead>\n<tr>\n<th style=\"text-align: left;\">CONVENIOS Y ASISTENCIAS T\u00c9CNICAS<\/th>\n<th style=\"text-align: center;\">2020<\/th>\n<th style=\"text-align: center;\">2021<\/th>\n<th style=\"text-align: center;\">2022<\/th>\n<th style=\"text-align: center;\">2023<\/th>\n<\/tr>\n<\/thead>\n<tbody>\n<tr>\n<td>N\u00famero de convenios y asistencias t\u00e9cnicas gestionados en el ejercicio<\/td>\n<td style=\"text-align: center;\">373<\/td>\n<td style=\"text-align: center;\">463<\/td>\n<td style=\"text-align: center;\">537<\/td>\n<td style=\"text-align: center;\">553<\/td>\n<\/tr>\n<tr>\n<td>Cobros en banco con cargo a convenios y asistencias t\u00e9cnicas<\/td>\n<td style=\"text-align: center;\">4.031.775,49\u20ac<\/td>\n<td style=\"text-align: center;\">4.949.425,17\u20ac<\/td>\n<td style=\"text-align: center;\">4.477.341,78\u20ac<\/td>\n<td style=\"text-align: center;\">7.731.597.32\u20ac<\/td>\n<\/tr>\n<tr>\n<td>Canon UPM<\/td>\n<td style=\"text-align: center;\">378.065,96\u20ac<\/td>\n<td style=\"text-align: center;\">279.022,05\u20ac<\/td>\n<td style=\"text-align: center;\">283.304,66\u20ac<\/td>\n<td style=\"text-align: center;\">314.689,35\u20ac<\/td>\n<\/tr>\n<\/tbody>\n<\/table>\n<\/div>\n<p>&nbsp;<\/p>\n<div class=\"fusion-table table-1\">\n<table width=\"100%\">\n<thead>\n<tr>\n<th style=\"text-align: left;\">FORMACI\u00d3N PRESENCIAL<\/th>\n<th style=\"text-align: center;\">2020<\/th>\n<th style=\"text-align: center;\">2021<\/th>\n<th style=\"text-align: center;\">2022<\/th>\n<th style=\"text-align: center;\">2023<\/th>\n<\/tr>\n<\/thead>\n<tbody>\n<tr>\n<td>N\u00famero de cursos abiertos en el ejercicio<\/td>\n<td style=\"text-align: center;\">79<\/td>\n<td style=\"text-align: center;\">94<\/td>\n<td style=\"text-align: center;\">103<\/td>\n<td style=\"text-align: center;\">107<\/td>\n<\/tr>\n<tr>\n<td>N\u00famero de cursos gestionados en el ejercicio<\/td>\n<td style=\"text-align: center;\">293<\/td>\n<td style=\"text-align: center;\">313<\/td>\n<td style=\"text-align: center;\">297<\/td>\n<td style=\"text-align: center;\">283<\/td>\n<\/tr>\n<tr>\n<td>Cobros en banco por matr\u00edculas<\/td>\n<td style=\"text-align: center;\">6.037.014,31\u20ac<\/td>\n<td style=\"text-align: center;\">6.768.790,17\u20ac<\/td>\n<td style=\"text-align: center;\">7.268.662,84\u20ac<\/td>\n<td style=\"text-align: center;\">7.662.885,20\u20ac<\/td>\n<\/tr>\n<tr>\n<td>Canon UPM<\/td>\n<td style=\"text-align: center;\">803.196,05\u20ac<\/td>\n<td style=\"text-align: center;\">592.629,47\u20ac<\/td>\n<td style=\"text-align: center;\">657.774,30\u20ac<\/td>\n<td style=\"text-align: center;\">725.580,60\u20ac<\/td>\n<\/tr>\n<\/tbody>\n<\/table>\n<\/div>\n<p>&nbsp;<\/p>\n<div class=\"fusion-table table-1\">\n<table width=\"100%\">\n<thead>\n<tr>\n<th style=\"text-align: left;\">ACTIVIDAD<\/th>\n<th style=\"text-align: center;\">\u00a02020<\/th>\n<th style=\"text-align: center;\">\u00a02021<\/th>\n<th style=\"text-align: center;\">\u00a02022<\/th>\n<th style=\"text-align: center;\">2023<\/th>\n<\/tr>\n<\/thead>\n<tbody>\n<tr>\n<td>N\u00famero de facturas emitidas FGUPM<\/td>\n<td style=\"text-align: center;\">2.307<\/td>\n<td style=\"text-align: center;\">2.887<\/td>\n<td style=\"text-align: center;\">2.882<\/td>\n<td style=\"text-align: center;\">4.004<\/td>\n<\/tr>\n<tr>\n<td>N\u00famero de autorizaciones de gasto gestionadas<\/td>\n<td style=\"text-align: center;\">2.410<\/td>\n<td style=\"text-align: center;\">2.236<\/td>\n<td style=\"text-align: center;\">2.281<\/td>\n<td style=\"text-align: center;\">2.448<\/td>\n<\/tr>\n<tr>\n<td>N\u00famero de peticiones de pago emitidas<\/td>\n<td style=\"text-align: center;\">6.420<\/td>\n<td style=\"text-align: center;\">6.873<\/td>\n<td style=\"text-align: center;\">6.914<\/td>\n<td style=\"text-align: center;\">6.914<\/td>\n<\/tr>\n<tr>\n<td>N\u00famero de asientos contables Servicios Centrales<\/td>\n<td style=\"text-align: center;\">26.283<\/td>\n<td style=\"text-align: center;\">28.579<\/td>\n<td style=\"text-align: center;\">29.253<\/td>\n<td style=\"text-align: center;\">32.002<\/td>\n<\/tr>\n<tr>\n<td>N\u00famero de registros de salida Servicios Centrales<\/td>\n<td style=\"text-align: center;\">612<\/td>\n<td style=\"text-align: center;\">572<\/td>\n<td style=\"text-align: center;\">496<\/td>\n<td style=\"text-align: center;\">269<\/td>\n<\/tr>\n<tr>\n<td>N\u00famero de registros de entrada Servicios Centrales<\/td>\n<td style=\"text-align: center;\">12.803<\/td>\n<td style=\"text-align: center;\">10.987<\/td>\n<td style=\"text-align: center;\">10.249<\/td>\n<td style=\"text-align: center;\">8.196<\/td>\n<\/tr>\n<\/tbody>\n<\/table>\n<\/div>\n<p>&nbsp;<\/p>\n<div class=\"fusion-table table-1\">\n<table width=\"100%\">\n<thead>\n<tr>\n<th style=\"text-align: left;\">EFICIENCIA (d\u00edas)<\/th>\n<th style=\"text-align: center;\">\u00a0 \u00a02020<\/th>\n<th style=\"text-align: center;\">\u00a0 \u00a02021<\/th>\n<th style=\"text-align: center;\">\u00a0 \u00a02022<\/th>\n<th style=\"text-align: center;\">\u00a0 \u00a02023<\/th>\n<\/tr>\n<\/thead>\n<tbody>\n<tr>\n<td>Tiempo medio de ejecuci\u00f3n de una autorizaci\u00f3n de gasto<\/td>\n<td style=\"text-align: center;\">&#8212;<\/td>\n<td style=\"text-align: center;\">1<\/td>\n<td style=\"text-align: center;\">1<\/td>\n<td style=\"text-align: center;\">1<\/td>\n<\/tr>\n<tr>\n<td>Tiempo medio de ejecuci\u00f3n de una orden de pago<\/td>\n<td style=\"text-align: center;\">5<\/td>\n<td style=\"text-align: center;\">6<\/td>\n<td style=\"text-align: center;\">3<\/td>\n<td style=\"text-align: center;\">5<\/td>\n<\/tr>\n<tr>\n<td>Tiempo medio de contabilizaci\u00f3n de un cobro<\/td>\n<td style=\"text-align: center;\">3<\/td>\n<td style=\"text-align: center;\">4<\/td>\n<td style=\"text-align: center;\">4<\/td>\n<td style=\"text-align: center;\">8<\/td>\n<\/tr>\n<tr>\n<td>Tiempo medio de elaboraci\u00f3n y firma de convenios y asistencias t\u00e9cnicas<\/td>\n<td style=\"text-align: center;\">4<\/td>\n<td style=\"text-align: center;\">2<\/td>\n<td style=\"text-align: center;\">2<\/td>\n<td style=\"text-align: center;\">1<\/td>\n<\/tr>\n<\/tbody>\n<\/table>\n<\/div>\n<div><\/div>\n<div><\/div>\n<div class=\"fusion-table table-1\">\n<table width=\"100%\">\n<thead>\n<tr>\n<th style=\"text-align: left;\">PERSONAL<\/th>\n<th style=\"text-align: center;\">\u00a0 2020<\/th>\n<th style=\"text-align: center;\">\u00a0 2021<\/th>\n<th style=\"text-align: center;\">\u00a0 2022<\/th>\n<th style=\"text-align: center;\">\u00a0 2023<\/th>\n<\/tr>\n<\/thead>\n<tbody>\n<tr>\n<td>N\u00famero de personal fijo en plantilla<\/td>\n<td style=\"text-align: center;\">201<\/td>\n<td style=\"text-align: center;\">204<\/td>\n<td style=\"text-align: center;\">218<\/td>\n<td style=\"text-align: center;\">313<\/td>\n<\/tr>\n<tr>\n<td>N\u00famero de personal temporal<\/td>\n<td style=\"text-align: center;\">52<\/td>\n<td style=\"text-align: center;\">39<\/td>\n<td style=\"text-align: center;\">48<\/td>\n<td style=\"text-align: center;\">27<\/td>\n<\/tr>\n<\/tbody>\n<\/table>\n<\/div>\n<p>&nbsp;<\/p>\n<div class=\"fusion-table table-1\">\n<table width=\"100%\">\n<thead>\n<tr>\n<th style=\"text-align: left;\">CLIENTES<\/th>\n<th style=\"text-align: center;\">\u00a0 2020<\/th>\n<th style=\"text-align: center;\">\u00a0 2021<\/th>\n<th style=\"text-align: center;\">\u00a0 2022<\/th>\n<th style=\"text-align: center;\">\u00a0 2023<\/th>\n<\/tr>\n<\/thead>\n<tbody>\n<tr>\n<td>N\u00famero de directores que gestionan con los Servicios Centrales<\/td>\n<td style=\"text-align: center;\">226<\/td>\n<td style=\"text-align: center;\">247<\/td>\n<td style=\"text-align: center;\">275<\/td>\n<td style=\"text-align: center;\">280<\/td>\n<\/tr>\n<\/tbody>\n<\/table>\n<\/div>\n","protected":false},"excerpt":{"rendered":"<p>Datos a 31 de diciembre de cada a\u00f1o Los datos presentados son los \u00faltimos aprobados. ECON\u00d3MICOS 2020 2021 2022 2023 Ingresos del ejercicio 19.103.975,61\u20ac 19.550.838,11\u20ac 22.648.657,64\u20ac 24.531.317,19\u20ac Gastos del ejercicio 19.096.874,76\u20ac 19.549.578,61\u20ac 22.643.488,83\u20ac 24.510.664,43\u20ac Resultado del ejercicio 25.589,98\u20ac 7.100,85\u20ac 1.259,50\u20ac 20.652,76\u20ac &nbsp; INGRESOS 2020 2021 2022 2023 Convenios y Asistencias T\u00e9cnicas 3.633.055,77\u20ac 3.643.973,27\u20ac 3.660.736,66\u20ac 4.347.499,78\u20ac  [&#8230;]<\/p>\n","protected":false},"author":1,"featured_media":0,"parent":0,"menu_order":0,"comment_status":"closed","ping_status":"closed","template":"","meta":{"footnotes":""},"class_list":["post-11370","page","type-page","status-publish","hentry"],"_links":{"self":[{"href":"https:\/\/www.fgupm.es\/index.php?rest_route=\/wp\/v2\/pages\/11370","targetHints":{"allow":["GET"]}}],"collection":[{"href":"https:\/\/www.fgupm.es\/index.php?rest_route=\/wp\/v2\/pages"}],"about":[{"href":"https:\/\/www.fgupm.es\/index.php?rest_route=\/wp\/v2\/types\/page"}],"author":[{"embeddable":true,"href":"https:\/\/www.fgupm.es\/index.php?rest_route=\/wp\/v2\/users\/1"}],"replies":[{"embeddable":true,"href":"https:\/\/www.fgupm.es\/index.php?rest_route=%2Fwp%2Fv2%2Fcomments&post=11370"}],"version-history":[{"count":95,"href":"https:\/\/www.fgupm.es\/index.php?rest_route=\/wp\/v2\/pages\/11370\/revisions"}],"predecessor-version":[{"id":14147,"href":"https:\/\/www.fgupm.es\/index.php?rest_route=\/wp\/v2\/pages\/11370\/revisions\/14147"}],"wp:attachment":[{"href":"https:\/\/www.fgupm.es\/index.php?rest_route=%2Fwp%2Fv2%2Fmedia&parent=11370"}],"curies":[{"name":"wp","href":"https:\/\/api.w.org\/{rel}","templated":true}]}}