{"id":11479,"date":"2015-06-29T15:51:16","date_gmt":"2015-06-29T15:51:16","guid":{"rendered":"https:\/\/www.fgupm.es\/?page_id=11479"},"modified":"2017-06-28T12:17:31","modified_gmt":"2017-06-28T12:17:31","slug":"herramienta-de-comunicacion","status":"publish","type":"page","link":"https:\/\/www.fgupm.es\/?page_id=11479","title":{"rendered":"Plataforma de Gesti\u00f3n de Proyectos PDI\/FGUPM"},"content":{"rendered":"<p>La Plataforma de Gesti\u00f3n de Proyectos\u00a0tiene como objetivo mejorar en eficiencia y eficacia a la vez que consigue un trato m\u00e1s cercano y un nuevo modelo de comunicaci\u00f3n entre los directores y el personal de la FGUPM.<\/p>\n<p>Desde esta Plataforma los directores podr\u00e1n acceder en cualquier momento y de una forma c\u00f3moda (internet) a informaci\u00f3n relevante como son:<\/p>\n<ul>\n<li>\u00d3rdenes de Pago:\n<ul>\n<li>Relaci\u00f3n de todas las \u00f3rdenes de pago que se han tramitado o est\u00e1n en tramitaci\u00f3n.<\/li>\n<li>Estado en que se encuentran sus \u00f3rdenes de pago.<\/li>\n<\/ul>\n<\/li>\n<li>Saldo y movimiento de sus expedientes.<\/li>\n<li>Circulares que desde la FGUPM se le env\u00ede.<\/li>\n<li>Mensajes enviados o recibidos de los directores o de cualquier personal de la FGUPM. Funcionar\u00e1 igual que cualquier cuenta de correo pero ser\u00e1 exclusivo para la relaci\u00f3n entre el director y la FGUPM.<\/li>\n<li>Acceso a todos los formatos que pudiera necesitar en su relaci\u00f3n con la FGUPM.<\/li>\n<\/ul>\n<p><strong><a href=\"https:\/\/directores.fgupm.es\" target=\"_blank\">Acceso a la Plataforma de Gesti\u00f3n\u00a0PDI\/FGUPM<\/a><\/strong><\/p>\n","protected":false},"excerpt":{"rendered":"<p>La Plataforma de Gesti\u00f3n de Proyectos\u00a0tiene como objetivo mejorar en eficiencia y eficacia a la vez que consigue un trato m\u00e1s cercano y un nuevo modelo de comunicaci\u00f3n entre los directores y el personal de la FGUPM. Desde esta Plataforma los directores podr\u00e1n acceder en cualquier momento y de una forma c\u00f3moda (internet) a informaci\u00f3n  [&#8230;]<\/p>\n","protected":false},"author":1,"featured_media":0,"parent":0,"menu_order":0,"comment_status":"open","ping_status":"open","template":"","meta":{"footnotes":""},"class_list":["post-11479","page","type-page","status-publish","hentry"],"_links":{"self":[{"href":"https:\/\/www.fgupm.es\/index.php?rest_route=\/wp\/v2\/pages\/11479","targetHints":{"allow":["GET"]}}],"collection":[{"href":"https:\/\/www.fgupm.es\/index.php?rest_route=\/wp\/v2\/pages"}],"about":[{"href":"https:\/\/www.fgupm.es\/index.php?rest_route=\/wp\/v2\/types\/page"}],"author":[{"embeddable":true,"href":"https:\/\/www.fgupm.es\/index.php?rest_route=\/wp\/v2\/users\/1"}],"replies":[{"embeddable":true,"href":"https:\/\/www.fgupm.es\/index.php?rest_route=%2Fwp%2Fv2%2Fcomments&post=11479"}],"version-history":[{"count":8,"href":"https:\/\/www.fgupm.es\/index.php?rest_route=\/wp\/v2\/pages\/11479\/revisions"}],"predecessor-version":[{"id":11777,"href":"https:\/\/www.fgupm.es\/index.php?rest_route=\/wp\/v2\/pages\/11479\/revisions\/11777"}],"wp:attachment":[{"href":"https:\/\/www.fgupm.es\/index.php?rest_route=%2Fwp%2Fv2%2Fmedia&parent=11479"}],"curies":[{"name":"wp","href":"https:\/\/api.w.org\/{rel}","templated":true}]}}