{"id":11591,"date":"2015-11-27T09:24:43","date_gmt":"2015-11-27T09:24:43","guid":{"rendered":"https:\/\/www.fgupm.es\/?page_id=11591"},"modified":"2021-06-24T11:28:37","modified_gmt":"2021-06-24T11:28:37","slug":"politica-de-cookies","status":"publish","type":"page","link":"https:\/\/www.fgupm.es\/?page_id=11591","title":{"rendered":"Pol\u00edtica de Cookies"},"content":{"rendered":"<div class=\"fusion-fullwidth fullwidth-box fusion-builder-row-1 nonhundred-percent-fullwidth non-hundred-percent-height-scrolling\" style=\"--awb-border-radius-top-left:0px;--awb-border-radius-top-right:0px;--awb-border-radius-bottom-right:0px;--awb-border-radius-bottom-left:0px;--awb-flex-wrap:wrap;\" ><div class=\"fusion-builder-row fusion-row\"><div class=\"fusion-layout-column fusion_builder_column fusion-builder-column-0 fusion_builder_column_1_1 1_1 fusion-one-full fusion-column-first fusion-column-last\" style=\"--awb-bg-size:cover;--awb-margin-bottom:0px;\"><div class=\"fusion-column-wrapper fusion-flex-column-wrapper-legacy\"><div class=\"fusion-text fusion-text-1\"><h2 style=\"text-align: center;\">POL\u00cdTICA DE <em>COOKIES<\/em><\/h2>\n<h3><\/h3>\n<h3 style=\"text-align: center;\">INFORMACI\u00d3N SOBRE <em>COOKIES<\/em><\/h3>\n<p>Conforme con la Ley 34\/2002, de 11 de julio, de servicios de la sociedad de la informaci\u00f3n y de comercio electr\u00f3nico (LSSI), en relaci\u00f3n con el Reglamento (UE) 2016\/679 del Parlamento Europeo y del Consejo, de 27 de abril de 2016, General de Protecci\u00f3n de Datos (GDPR) y la Ley Org\u00e1nica 3\/2018, de 5 de diciembre, de Protecci\u00f3n de Datos y Garant\u00eda de los Derechos Digitales (LOPDGDD), es obligado obtener el consentimiento expreso del usuario de todas las p\u00e1ginas web que usan cookies prescindibles, antes de que este navegue por ellas.<\/p>\n<h3><\/h3>\n<h3 style=\"text-align: center;\">\u00bfQU\u00c9 SON LAS <em>COOKIES<\/em>?<\/h3>\n<p>Las <em>cookies<\/em> y otras tecnolog\u00edas similares tales como local shared objects, flash <em>cookies<\/em> o p\u00edxeles, son herramientas empleadas por los servidores Web para almacenar y recuperar informaci\u00f3n acerca de sus visitantes, as\u00ed como para ofrecer un correcto funcionamiento del sitio.<\/p>\n<p>Mediante el uso de estos dispositivos se permite al servidor Web recordar algunos datos concernientes al usuario, como sus preferencias para la visualizaci\u00f3n de las p\u00e1ginas de ese servidor, nombre y contrase\u00f1a, productos que m\u00e1s le interesan, etc.<\/p>\n<h3 style=\"text-align: center;\"><em>COOKIES<\/em> AFECTADAS POR LA NORMATIVA Y COOKIES EXCEPTUADAS<\/h3>\n<p>Seg\u00fan la directiva de la UE, las <em>cookies<\/em> que requieren el consentimiento informado por parte del usuario son las <em>cookies<\/em> de anal\u00edtica y las de publicidad y afiliaci\u00f3n, quedando exceptuadas las de car\u00e1cter t\u00e9cnico y las necesarias para el funcionamiento del sitio web o la prestaci\u00f3n de servicios expresamente solicitados por el usuario.<\/p>\n<h3 style=\"text-align: center;\">TIPOS DE <em>COOKIES<\/em><\/h3>\n<p><strong>SEG\u00daN LA FINALIDAD<\/strong><\/p>\n<ul>\n<li><strong><em>Cookies <\/em><\/strong><strong>t\u00e9cnicas y funcionales<\/strong>: son aquellas que permiten al usuario la navegaci\u00f3n a trav\u00e9s de una p\u00e1gina web, plataforma o aplicaci\u00f3n y la utilizaci\u00f3n de las diferentes opciones o servicios que en ella existan<em>.<\/em><\/li>\n<li><strong><em>Cookies <\/em><\/strong><strong>anal\u00edticas <\/strong>: son aquellas que permiten al responsable de las mismas el seguimiento y an\u00e1lisis del comportamiento de los usuarios de los sitios web a los que est\u00e1n vinculadas. La informaci\u00f3n recogida mediante este tipo de <em>cookies<\/em> se utiliza en la medici\u00f3n de la actividad de los sitios web, aplicaci\u00f3n o plataforma y para la elaboraci\u00f3n de perfiles de navegaci\u00f3n de los usuarios de dichos sitios, aplicaciones y plataformas, con el fin de introducir mejoras en funci\u00f3n del an\u00e1lisis de los datos de uso que hacen los usuarios del servicio.<\/li>\n<li><strong><em>Cookies <\/em><\/strong><strong>publicitarias: <\/strong>son aquellas que permiten la gesti\u00f3n, de la forma m\u00e1s eficaz posible, de los espacios publicitarios que, en su caso, el editor haya incluido en una p\u00e1gina web, aplicaci\u00f3n o plataforma desde la que presta el servicio solicitado en base a criterios como el contenido editado o la frecuencia en la que se muestran los anuncios.<\/li>\n<li><strong><em>Cookies <\/em><\/strong><strong>de publicidad comportamental<\/strong>: recogen informaci\u00f3n sobre las preferencias y elecciones personales del usuario (<em>retargeting<\/em>) para permitir la gesti\u00f3n, de la forma m\u00e1s eficaz posible, de los espacios publicitarios que, en su caso, el editor haya incluido en una p\u00e1gina web, aplicaci\u00f3n o plataforma desde la que presta el servicio solicitado.<\/li>\n<li><strong><em>Cookies <\/em><\/strong><strong>sociales<\/strong>: son establecidas por las plataformas de redes sociales en los servicios para permitirle compartir contenido con sus amigos y redes. Las plataformas de medios sociales tienen la capacidad de rastrear su actividad en l\u00ednea fuera de los Servicios. Esto puede afectar al contenido y los mensajes que ve en otros servicios que visita. <strong><em>\u00a0Cookies <\/em><\/strong><strong>de afiliados<\/strong>: permiten hacer un seguimiento de las visitas procedentes de otras webs, con las que el sitio web establece un contrato de afiliaci\u00f3n (empresas de afiliaci\u00f3n).<\/li>\n<li><strong><em>Cookies <\/em>de seguridad<\/strong>: almacenan informaci\u00f3n cifrada para evitar que los datos guardados en ellas sean vulnerables a ataques maliciosos de terceros.<\/li>\n<\/ul>\n<p><strong>SEG\u00daN LA PROPIEDAD<\/strong><\/p>\n<ul>\n<li><strong><em>Cookies<\/em> propias<\/strong>: son aquellas que se env\u00edan al equipo terminal del usuario desde un equipo o dominio gestionado\u00a0por el propio editor y desde el que se presta el servicio solicitado por el usuario.<\/li>\n<li><strong><em>Cookies<\/em> de terceros<\/strong>: son aquellas que se env\u00edan al equipo terminal del usuario desde un equipo o dominio que no\u00a0es gestionado por el editor, sino por otra entidad que trata los datos obtenidos trav\u00e9s de las <em>cookies<\/em>.<\/li>\n<\/ul>\n<p><strong>SEG\u00daN EL PLAZO DE CONSERVACI\u00d3N<\/strong><\/p>\n<ul>\n<li><strong><em>Cookies <\/em><\/strong><strong>de sesi\u00f3n: <\/strong>son un tipo de <em>cookies <\/em>dise\u00f1adas para recabar y almacenar datos mientras el usuario accede a una p\u00e1gina web.<\/li>\n<li><strong><em>Cookies <\/em><\/strong><strong>persistentes: <\/strong>son un tipo de cookies en el que los datos siguen almacenados en el terminal y pueden ser accedidos y tratados durante un per\u00edodo definido por el responsable de la <em>cookie<\/em>, y que puede ir de unos minutos a varios a\u00f1os.<\/li>\n<\/ul>\n<h3 style=\"text-align: center;\">TRATAMIENTO DE DATOS PERSONALES<\/h3>\n<p>FUNDACION GENERAL DE LA UNIVERSIDAD POLITECNICA DE MADRID es el <strong>Responsable del tratamiento<\/strong> de los datos personales del <strong>Interesado<\/strong> y le informa de que estos datos ser\u00e1n tratados de conformidad con lo dispuesto en el Reglamento (UE) 2016\/679, de 27 de abril de 2016 (GDPR), por lo que se le facilita la siguiente informaci\u00f3n del tratamiento:<\/p>\n<p><strong>Fines del tratamiento: <\/strong>seg\u00fan se especifica en el apartado de <em>cookies<\/em> que se utilizan en este sitio web.<\/p>\n<p><strong>Legitimaci\u00f3n del tratamiento<\/strong>: por consentimiento del interesado (art. 6.1 GDPR).<\/p>\n<p><strong>Criterios de conservaci\u00f3n de los datos<\/strong>: seg\u00fan se especifica en el apartado de <em>cookies<\/em> utilizadas en la web.<\/p>\n<p><strong>Comunicaci\u00f3n de los datos<\/strong>: no se comunicar\u00e1n los datos a terceros, excepto en cookies propiedad de terceros o por obligaci\u00f3n legal.<\/p>\n<p><strong>Derechos que asisten al Interesado<\/strong>:<\/p>\n<ul>\n<li>Derecho a retirar el consentimiento en cualquier momento.<\/li>\n<li>Derecho de acceso, rectificaci\u00f3n, portabilidad y supresi\u00f3n de sus datos, y de limitaci\u00f3n u oposici\u00f3n a su tratamiento.<\/li>\n<li>Derecho a presentar una reclamaci\u00f3n ante la Autoridad de control (www.aepd.es) si considera que el tratamiento no se ajusta a la normativa vigente.<\/li>\n<\/ul>\n<p><strong>Datos de contacto para ejercer sus derechos:<\/strong><\/p>\n<p>FUNDACION GENERAL DE LA UNIVERSIDAD POLITECNICA DE MADRID. CALLE DEL PASTOR, 3 &#8211; 28003 MADRID (Madrid). E-mail: info@fgupm.es<\/p>\n<h2 style=\"text-align: center;\"><em>COOKIES<\/em> UTILIZADAS EN ESTE SITIO WEB<\/h2>\n<h3 style=\"text-align: center;\">COOKIES CONTROLADAS POR EL EDITOR<\/h3>\n<h3 style=\"text-align: center;\">T\u00e9cnicas y funcionales<\/h3>\n<table>\n<tbody>\n<tr>\n<td width=\"10%\"><strong>Propiedad<\/strong><\/td>\n<td width=\"10%\"><em><strong>Cookie<\/strong><\/em><\/td>\n<td><strong>Finalidad<\/strong><\/td>\n<td width=\"10%\"><strong>Plazo<\/strong><\/td>\n<\/tr>\n<tr>\n<td>doubleclick.net<\/td>\n<td>RUL<\/td>\n<td><em>Cookie<\/em> necesaria para la utilizaci\u00f3n de las opciones y servicios del sitio web<\/td>\n<td>en 6 meses<\/td>\n<\/tr>\n<tr>\n<td>fgupm.es<\/td>\n<td>cookie_notice_acc epted<\/td>\n<td><em>Cookie<\/em> necesaria para la utilizaci\u00f3n de las opciones y servicios del sitio web<\/td>\n<td>en 9 meses<\/td>\n<\/tr>\n<tr>\n<td>google.com<\/td>\n<td>__Secure-3PSIDC C<\/td>\n<td><em>Cookie<\/em> necesaria para la utilizaci\u00f3n de las opciones y servicios del sitio web<\/td>\n<td>en un a\u00f1o<\/td>\n<\/tr>\n<tr>\n<td>google.com<\/td>\n<td>CONSENT<\/td>\n<td>Rastreador de consentimiento de <em>cookies<\/em> de Google<\/td>\n<td>en 17 a\u00f1os<\/td>\n<\/tr>\n<tr>\n<td>google.com<\/td>\n<td>SEARCH_SAMESI TE<\/td>\n<td>SameSite evita que el navegador env\u00ede esta <em>cookie<\/em> junto con las solicitudes entre sitios. El objetivo principal es mitigar el riesgo de fuga de informaci\u00f3n de origen cruzado. Tambi\u00e9n proporciona cierta protecci\u00f3n contra ataques de falsificaci\u00f3n de solicitudes entre sitios.<\/td>\n<td>en 4 meses<\/td>\n<\/tr>\n<tr>\n<td>gstatic.com<\/td>\n<td>CONSENT<\/td>\n<td>Rastreador de consentimiento de <em>cookies<\/em> de Google<\/td>\n<td>en 17 a\u00f1os<\/td>\n<\/tr>\n<\/tbody>\n<\/table>\n<h3 style=\"text-align: center;\">Anal\u00edticas<\/h3>\n<table>\n<tbody>\n<tr>\n<td width=\"10%\"><strong>Propiedad<\/strong><\/td>\n<td width=\"10%\"><em><strong>Cookie<\/strong><\/em><\/td>\n<td><strong>Finalidad<\/strong><\/td>\n<td width=\"10%\"><strong>Plazo<\/strong><\/td>\n<\/tr>\n<tr>\n<td>fgupm.es<\/td>\n<td>_ga<\/td>\n<td>ID utiliza para identificar a los usuarios<\/td>\n<td>en 2 a\u00f1os<\/td>\n<\/tr>\n<tr>\n<td>fgupm.es<\/td>\n<td>_gat<\/td>\n<td>\n<p class=\"p1\">Se utiliza para monitorizar el n\u00famero de peticiones al servidor<span class=\"Apple-converted-space\">\u00a0 <\/span>de Google Analytics cuando se utiliza el Administrador de etiquetas Google<\/p>\n<\/td>\n<td>Sesi\u00f3n<\/td>\n<\/tr>\n<tr>\n<td>fgupm.es<\/td>\n<td>_gid<\/td>\n<td>ID utiliza para identificar a los usuarios durante 24 horas despu\u00e9s de la \u00faltima actividad<\/td>\n<td>en 20 horas<\/td>\n<\/tr>\n<tr>\n<td>google.com<\/td>\n<td>__Secure-3PAPISI D<\/td>\n<td>Estas <em>cookies<\/em> se utilizan para entregar anuncios m\u00e1s relevantes para usted y sus intereses.<\/td>\n<td>en un a\u00f1os<\/td>\n<\/tr>\n<tr>\n<td>google.com<\/td>\n<td>__Secure-3PSID<\/td>\n<td>Estas <em>cookies<\/em> se utilizan para entregar anuncios m\u00e1s relevantes para usted y sus intereses.<\/td>\n<td>en 2 a\u00f1os<\/td>\n<\/tr>\n<\/tbody>\n<\/table>\n<h3 style=\"text-align: center;\">Publicitarias<\/h3>\n<table>\n<tbody>\n<tr>\n<td width=\"10%\"><strong>Propiedad<\/strong><\/td>\n<td width=\"10%\"><em><strong>Cookie<\/strong><\/em><\/td>\n<td><strong>Finalidad<\/strong><\/td>\n<td width=\"10%\"><strong>Plazo<\/strong><\/td>\n<\/tr>\n<tr>\n<td>doubleclick.net<\/td>\n<td>DSID<\/td>\n<td>Esta <em>cookie<\/em> se utiliza para la orientaci\u00f3n, el an\u00e1lisis y la optimizaci\u00f3n de las campa\u00f1as publicitarias en DoubleClick \/ Google Marketing Suite<\/td>\n<td>en 11 d\u00edas<\/td>\n<\/tr>\n<tr>\n<td>doubleclick.net<\/td>\n<td>IDE<\/td>\n<td>Esta <em>cookie<\/em> se utiliza para la orientaci\u00f3n, el an\u00e1lisis y la optimizaci\u00f3n de las campa\u00f1as publicitarias en DoubleClick \/ Google Marketing Suite<\/td>\n<td>en 10 meses<\/td>\n<\/tr>\n<tr>\n<td>google.com<\/td>\n<td>1P_JAR<\/td>\n<td>Estas <em>cookies<\/em> se establecen a trav\u00e9s de v\u00eddeos de youtube\u00a0incrustados. Registran los datos estad\u00edsticos an\u00f3nimos sobre,\u00a0por ejemplo, cu\u00e1ntas veces se reproduce el v\u00eddeo y las\u00a0configuraciones que se utilizan para la reproducci\u00f3n.<\/td>\n<td>en un mes<\/td>\n<\/tr>\n<tr>\n<td>google.com<\/td>\n<td>APISID<\/td>\n<td>Descargar ciertas herramientas de Google y guardar ciertas\u00a0preferencias, por ejemplo, el n\u00famero de resultados de la\u00a0b\u00fasqueda por hoja o la activaci\u00f3n del filtro SafeSearch. Ajusta\u00a0los anuncios que aparecen en la b\u00fasqueda de Google.<\/td>\n<td>en un a\u00f1o<\/td>\n<\/tr>\n<tr>\n<td>google.com<\/td>\n<td>HSID<\/td>\n<td>Descargar ciertas herramientas de Google y guardar ciertas\u00a0preferencias, por ejemplo, el n\u00famero de resultados de la\u00a0b\u00fasqueda por hoja o la activaci\u00f3n del filtro SafeSearch. Ajusta\u00a0los anuncios que aparecen en la b\u00fasqueda de Google.<\/td>\n<td>en un a\u00f1o<\/td>\n<\/tr>\n<tr>\n<td>google.com<\/td>\n<td>NID<\/td>\n<td>Estas <em>cookies<\/em> se utilizan para recopilar estad\u00edsticas del sitio\u00a0web y rastrear las tasas de conversi\u00f3n y la personalizaci\u00f3n de\u00a0anuncios de Google.<\/td>\n<td>en 7 meses<\/td>\n<\/tr>\n<tr>\n<td>google.com<\/td>\n<td>OTZ<\/td>\n<td>An\u00e1lisis agregado de los visitantes del sitio.<\/td>\n<td>en un mes<\/td>\n<\/tr>\n<tr>\n<td>google.com<\/td>\n<td>SAPISID<\/td>\n<td>Descargar ciertas herramientas de Google y guardar ciertas\u00a0preferencias, por ejemplo, el n\u00famero de resultados de la\u00a0b\u00fasqueda por hoja o la activaci\u00f3n del filtro SafeSearch. Ajusta\u00a0los anuncios que aparecen en la b\u00fasqueda de Google.<\/td>\n<td>en un a\u00f1o<\/td>\n<\/tr>\n<tr>\n<td>google.com<\/td>\n<td>SID<\/td>\n<td>Descargar ciertas herramientas de Google y guardar ciertas\u00a0preferencias, por ejemplo, el n\u00famero de resultados de la\u00a0b\u00fasqueda por hoja o la activaci\u00f3n del filtro SafeSearch. Ajusta\u00a0los anuncios que aparecen en la b\u00fasqueda de Google.<\/td>\n<td>en 2 a\u00f1os<\/td>\n<\/tr>\n<tr>\n<td>google.com<\/td>\n<td>SIDCC<\/td>\n<td>Descargar ciertas herramientas de Google y guardar ciertas\u00a0preferencias, por ejemplo, el n\u00famero de resultados de la\u00a0b\u00fasqueda por hoja o la activaci\u00f3n del filtro SafeSearch. Ajusta\u00a0los anuncios que aparecen en la b\u00fasqueda de Google.<\/td>\n<td>en un a\u00f1o<\/td>\n<\/tr>\n<tr>\n<td>google.com<\/td>\n<td>SSID<\/td>\n<td>Descargar ciertas herramientas de Google y guardar ciertas\u00a0preferencias, por ejemplo, el n\u00famero de resultados de la\u00a0b\u00fasqueda por hoja o la activaci\u00f3n del filtro SafeSearch. Ajusta\u00a0los anuncios que aparecen en la b\u00fasqueda de Google.<\/td>\n<td>en un a\u00f1o<\/td>\n<\/tr>\n<\/tbody>\n<\/table>\n<h3 style=\"text-align: center;\"><em>COOKIES<\/em> DE TERCEROS<\/h3>\n<p>Los servicios de terceros son ajenos al control del editor. Los proveedores pueden modificar en todo momento sus\u00a0condiciones de servicio, finalidad y utilizaci\u00f3n de las <em>cookies<\/em>, etc.<\/p>\n<p><strong>Proveedores externos de este sitio web:<\/strong><\/p>\n<table>\n<tbody>\n<tr>\n<td><strong>Editor<\/strong><\/td>\n<td><strong>Pol\u00edtica de privacidad<\/strong><\/td>\n<\/tr>\n<tr>\n<td>DoubleClick\/Google Marketing<\/td>\n<td><a href=\"https:\/\/privacy.google.com\/take-control.html\">https:\/\/privacy.google.com\/take-control.html<\/a><\/td>\n<\/tr>\n<tr>\n<td>Google Analytics<\/td>\n<td><a href=\"https:\/\/privacy.google.com\/take-control.html\">https:\/\/privacy.google.com\/take-control.html<\/a><\/td>\n<\/tr>\n<tr>\n<td>Google<\/td>\n<td><a href=\"https:\/\/privacy.google.com\/take-control.html\">https:\/\/privacy.google.com\/take-control.html<\/a><\/td>\n<\/tr>\n<tr>\n<td>Google<\/td>\n<td><a href=\"https:\/\/safety.google\/privacy\/privacy-controls\/\">https:\/\/safety.google\/privacy\/privacy-controls\/<\/a><\/td>\n<\/tr>\n<\/tbody>\n<\/table>\n<h3 style=\"text-align: center;\">PANEL DE CONFIGURACI\u00d3N DE <em>COOKIES<\/em><\/h3>\n<p style=\"text-align: left;\">Desde este panel podr\u00e1 configurar las <em>cookies<\/em> que el sitio web puede instalar en su navegador, excepto las <em>cookies<\/em>\u00a0t\u00e9cnicas o funcionales que son necesarias para la navegaci\u00f3n y la utilizaci\u00f3n de las diferentes opciones o servicios que se\u00a0ofrecen.<\/p>\n<\/div><p style=\"text-align: center;\"><a href=\"javascript:Cookiebot.renew()\">Panel de <em>cookies<\/em><\/a><\/p><div class=\"fusion-text fusion-text-2\"><table>\n<tbody>\n<tr>\n<td colspan=\"2\">\n<p style=\"text-align: center;\"><strong>C\u00d3MO GESTIONAR LAS <em>COOKIES<\/em> DESDE EL NAVEGADOR<\/strong><\/p>\n<\/td>\n<\/tr>\n<tr>\n<td width=\"25%\"><strong>Eliminar las <em>cookies<\/em> del\u00a0dispositivo<\/strong><\/td>\n<td>Las <em>cookies<\/em> que ya est\u00e1n en un dispositivo se pueden eliminar borrando el historial del\u00a0navegador, con lo que se suprimen las <em>cookies<\/em> de todos los sitios web visitados.<br \/>Sin embargo, tambi\u00e9n se puede perder parte de la informaci\u00f3n guardada (por ejemplo,\u00a0los datos de inicio de sesi\u00f3n o las preferencias de sitio web).<\/td>\n<\/tr>\n<tr>\n<td><strong>Gestionar las <em>cookies<\/em> espec\u00edficas\u00a0del sitio<\/strong><\/td>\n<td>Para tener un control m\u00e1s preciso de las <em>cookies<\/em> espec\u00edficas de cada sitio, los usuarios\u00a0pueden ajustar su configuraci\u00f3n de privacidad y <em>cookies<\/em> en el navegador.<\/td>\n<\/tr>\n<tr>\n<td><strong>Bloquear las <em>cookies<\/em><\/strong><\/td>\n<td>Aunque la mayor\u00eda de los navegadores modernos se pueden configurar para evitar que\u00a0se instalen <em>cookies<\/em> en los dispositivos, eso puede obligar al ajuste manual de\u00a0determinadas preferencias cada vez que se visite un sitio o p\u00e1gina. Adem\u00e1s, algunos\u00a0servicios y caracter\u00edsticas pueden no funcionar correctamente (por ejemplo, los inicios de\u00a0sesi\u00f3n con perfil).<\/td>\n<\/tr>\n<tr>\n<td colspan=\"2\">\n<p>\u00a0<\/p>\n<p style=\"text-align: center;\"><strong>C\u00d3MO ELIMINAR LAS <em>COOKIES<\/em> DE LOS NAVEGADORES M\u00c1S COMUNES<\/strong><\/p>\n<\/td>\n<\/tr>\n<tr>\n<td width=\"25%\"><strong> Chrome <\/strong><\/td>\n<td><a href=\"http:\/\/support.google.com\/chrome\/answer\/95647?hl=es\">http:\/\/support.google.com\/chrome\/answer\/95647?hl=es<\/a><\/td>\n<\/tr>\n<tr>\n<td width=\"25%\"><strong> Internet Explorer. Versi\u00f3n 11 <\/strong><\/td>\n<td><a href=\"https:\/\/support.microsoft.com\/es-es\/help\/278835\/how-to-delete-cookie-files-in-internet-explorer\">https:\/\/support.microsoft.com\/es-es\/help\/278835\/how-to-delete-cookie-files-in-internet-explorer<\/a><\/td>\n<\/tr>\n<tr>\n<td width=\"25%\"><strong> Firefox. Versi\u00f3n 65.0.1 <\/strong><\/td>\n<td><a href=\"https:\/\/www.mozilla.org\/es-ES\/privacy\/websites\/#cookies\">https:\/\/www.mozilla.org\/es-ES\/privacy\/websites\/#cookies<\/a><\/td>\n<\/tr>\n<tr>\n<td width=\"25%\"><strong> Safari Versi\u00f3n 5.1 <\/strong><\/td>\n<td><a href=\"https:\/\/support.apple.com\/es-es\/guide\/safari\/sfri11471\/mac\">https:\/\/support.apple.com\/es-es\/guide\/safari\/sfri11471\/mac<\/a><\/td>\n<\/tr>\n<tr>\n<td width=\"25%\"><strong> Opera <\/strong><\/td>\n<td><a href=\"https:\/\/help.opera.com\/en\/latest\/security-and-privacy\/#clearBrowsingData\">https:\/\/help.opera.com\/en\/latest\/security-and-privacy\/#clearBrowsingData<\/a><\/td>\n<\/tr>\n<\/tbody>\n<\/table>\n<p>\u00a0<\/p>\n<p>La Pol\u00edtica de <em>Cookies<\/em> se actualiz\u00f3 por \u00faltima vez a fecha 4 de marzo de 2021.<\/p>\n<\/div><div class=\"fusion-clearfix\"><\/div><\/div><\/div><\/div><\/div>\n","protected":false},"excerpt":{"rendered":"","protected":false},"author":1,"featured_media":0,"parent":0,"menu_order":0,"comment_status":"closed","ping_status":"closed","template":"","meta":{"footnotes":""},"class_list":["post-11591","page","type-page","status-publish","hentry"],"_links":{"self":[{"href":"https:\/\/www.fgupm.es\/index.php?rest_route=\/wp\/v2\/pages\/11591","targetHints":{"allow":["GET"]}}],"collection":[{"href":"https:\/\/www.fgupm.es\/index.php?rest_route=\/wp\/v2\/pages"}],"about":[{"href":"https:\/\/www.fgupm.es\/index.php?rest_route=\/wp\/v2\/types\/page"}],"author":[{"embeddable":true,"href":"https:\/\/www.fgupm.es\/index.php?rest_route=\/wp\/v2\/users\/1"}],"replies":[{"embeddable":true,"href":"https:\/\/www.fgupm.es\/index.php?rest_route=%2Fwp%2Fv2%2Fcomments&post=11591"}],"version-history":[{"count":24,"href":"https:\/\/www.fgupm.es\/index.php?rest_route=\/wp\/v2\/pages\/11591\/revisions"}],"predecessor-version":[{"id":13567,"href":"https:\/\/www.fgupm.es\/index.php?rest_route=\/wp\/v2\/pages\/11591\/revisions\/13567"}],"wp:attachment":[{"href":"https:\/\/www.fgupm.es\/index.php?rest_route=%2Fwp%2Fv2%2Fmedia&parent=11591"}],"curies":[{"name":"wp","href":"https:\/\/api.w.org\/{rel}","templated":true}]}}