{"id":11666,"date":"2016-04-06T07:55:59","date_gmt":"2016-04-06T07:55:59","guid":{"rendered":"https:\/\/www.fgupm.es\/?page_id=11666"},"modified":"2017-06-28T12:17:31","modified_gmt":"2017-06-28T12:17:31","slug":"quejas-y-sugerencias","status":"publish","type":"page","link":"https:\/\/www.fgupm.es\/?page_id=11666","title":{"rendered":"Sugerencias, Quejas y Felicitaciones"},"content":{"rendered":"<h2>Por correo electr\u00f3nico<\/h2>\n<p>Basta que env\u00edes un correo a la direcci\u00f3n <em><strong>sugerencias.quejas.felicitaciones@fgupm.es<\/strong><\/em><\/p>\n<h2>Por correo postal<\/h2>\n<p>Si deseas permanecer en el anonimato descarga el formulario y una vez cumplimentado env\u00edalo por correo postal a:<\/p>\n<p>FGUPM<br \/>\nPastor 3<br \/>\n28003 Madrid<\/p>\n<p><a href=\"https:\/\/www.fgupm.es\/wp-content\/uploads\/2016\/04\/F-CAL-03-C-queja-sug-de-cliente.doc\" target=\"_blank\" rel=\"noopener noreferrer\">Descargar el formulario<\/a><\/p>\n<p>&nbsp;<\/p>\n","protected":false},"excerpt":{"rendered":"<p>Por correo electr\u00f3nico Basta que env\u00edes un correo a la direcci\u00f3n sugerencias.quejas.felicitaciones@fgupm.es Por correo postal Si deseas permanecer en el anonimato descarga el formulario y una vez cumplimentado env\u00edalo por correo postal a: FGUPM Pastor 3 28003 Madrid Descargar el formulario &nbsp;<\/p>\n","protected":false},"author":1,"featured_media":0,"parent":0,"menu_order":0,"comment_status":"closed","ping_status":"closed","template":"","meta":{"footnotes":""},"class_list":["post-11666","page","type-page","status-publish","hentry"],"_links":{"self":[{"href":"https:\/\/www.fgupm.es\/index.php?rest_route=\/wp\/v2\/pages\/11666","targetHints":{"allow":["GET"]}}],"collection":[{"href":"https:\/\/www.fgupm.es\/index.php?rest_route=\/wp\/v2\/pages"}],"about":[{"href":"https:\/\/www.fgupm.es\/index.php?rest_route=\/wp\/v2\/types\/page"}],"author":[{"embeddable":true,"href":"https:\/\/www.fgupm.es\/index.php?rest_route=\/wp\/v2\/users\/1"}],"replies":[{"embeddable":true,"href":"https:\/\/www.fgupm.es\/index.php?rest_route=%2Fwp%2Fv2%2Fcomments&post=11666"}],"version-history":[{"count":7,"href":"https:\/\/www.fgupm.es\/index.php?rest_route=\/wp\/v2\/pages\/11666\/revisions"}],"predecessor-version":[{"id":12227,"href":"https:\/\/www.fgupm.es\/index.php?rest_route=\/wp\/v2\/pages\/11666\/revisions\/12227"}],"wp:attachment":[{"href":"https:\/\/www.fgupm.es\/index.php?rest_route=%2Fwp%2Fv2%2Fmedia&parent=11666"}],"curies":[{"name":"wp","href":"https:\/\/api.w.org\/{rel}","templated":true}]}}