{"id":11780,"date":"2016-04-15T10:17:50","date_gmt":"2016-04-15T10:17:50","guid":{"rendered":"https:\/\/www.fgupm.es\/?page_id=11780"},"modified":"2020-01-29T12:33:26","modified_gmt":"2020-01-29T12:33:26","slug":"gestion-de-las-ensenanzas-propias-de-la-upm","status":"publish","type":"page","link":"https:\/\/www.fgupm.es\/?page_id=11780","title":{"rendered":"Gesti\u00f3n de las Ense\u00f1anzas Propias de la UPM"},"content":{"rendered":"<p>El art\u00edculo 17 de la Normativa de las Ense\u00f1anzas Propias de la UPM, aprobada por el Consejo de Gobierno en su sesi\u00f3n de 25 de octubre de 2018, establece que la gesti\u00f3n econ\u00f3mica de todas las ense\u00f1anzas propias se realizar\u00e1 exclusivamente a trav\u00e9s de la FGUPM o por las Fundaciones existentes en la UPM, que tengan establecido con la UPM un convenio de gesti\u00f3n delegada a estos efectos. (<a href=\"https:\/\/www.fgupm.es\/wp-content\/uploads\/2020\/01\/25_10_-2018-NORMATIVA-TP.pdf\" target=\"_blank\" rel=\"noopener noreferrer\">Normativa de las Ense\u00f1anzas Propias de la UPM<\/a>).<\/p>\n<p>Desde la Fundaci\u00f3n General de la UPM se realiza la gesti\u00f3n administrativa de un amplio programa formativo.<\/p>\n<p>La FGUPM pone a disposici\u00f3n de los directores de los cursos las claves de acceso a la cuenta bancaria espec\u00edfica creada para cada curso pudiendo de esta forma conocer el director en tiempo real los pagos realizados por los alumnos.<\/p>\n<p>El programa formativo est\u00e1 compuesto por:<\/p>\n<ul>\n<li><strong>T\u00edtulo Propio de Grado<\/strong><\/li>\n<\/ul>\n<p>Son ense\u00f1anzas no incluidas en los Planes de Estudio Oficiales de Grado, dirigidas a porporcionar una intensificaci\u00f3n o cualificaci\u00f3n profesional con significaci\u00f3n en el entorno social y econ\u00f3mico.<\/p>\n<ul>\n<li><strong>T\u00edtulos Propios de Posgrado<\/strong>\n<ul>\n<li><em>T\u00edtulos de M\u00e1ster:<\/em> Su duraci\u00f3n estar\u00e1 comprendida entre 60 y 120 cr\u00e9ditos.<\/li>\n<li><em>Diplomas de Especializaci\u00f3n<\/em>: Su duraci\u00f3n estar\u00e1 comprendida entre 30 y 59 cr\u00e9ditos.<\/li>\n<\/ul>\n<\/li>\n<\/ul>\n<ul>\n<li><strong>Cursos de Formaci\u00f3n Permanente<\/strong>\n<ul>\n<li><em>Diplomas de Extensi\u00f3n Universitaria<\/em>: Su duraci\u00f3n estar\u00e1 comprendida entre 30 y 90 cr\u00e9ditos.<\/li>\n<li><em>Diplomas de Experto:<\/em> Su duraci\u00f3n estar\u00e1 comprendida entre los 15 y 29 cr\u00e9ditos.<\/li>\n<li><em>Certificados de Formaci\u00f3n Espec\u00edfica<\/em>: La duraci\u00f3n de estas ense\u00f1anzas ser\u00e1 inferior a 15 cr\u00e9ditos.<\/li>\n<\/ul>\n<\/li>\n<\/ul>\n<p><img decoding=\"async\" class=\"size-200 wp-image-12503 alignleft\" src=\"https:\/\/www.fgupm.es\/wp-content\/uploads\/2018\/01\/visa_mastercard_logo-200x61.gif\" alt=\"\" height=\"20\" srcset=\"https:\/\/www.fgupm.es\/wp-content\/uploads\/2018\/01\/visa_mastercard_logo-200x61.gif 200w, https:\/\/www.fgupm.es\/wp-content\/uploads\/2018\/01\/visa_mastercard_logo-300x91.gif 300w, https:\/\/www.fgupm.es\/wp-content\/uploads\/2018\/01\/visa_mastercard_logo-400x122.gif 400w, https:\/\/www.fgupm.es\/wp-content\/uploads\/2018\/01\/visa_mastercard_logo-600x183.gif 600w, https:\/\/www.fgupm.es\/wp-content\/uploads\/2018\/01\/visa_mastercard_logo-768x234.gif 768w, https:\/\/www.fgupm.es\/wp-content\/uploads\/2018\/01\/visa_mastercard_logo-800x244.gif 800w\" sizes=\"(max-width: 200px) 100vw, 200px\" \/><\/p>\n<h2><a href=\"https:\/\/directores.fgupm.es\/titulospropios\/\">Matr\u00edcula Ense\u00f1anzas Propias<\/a><\/h2>\n","protected":false},"excerpt":{"rendered":"<p>El art\u00edculo 17 de la Normativa de las Ense\u00f1anzas Propias de la UPM, aprobada por el Consejo de Gobierno en su sesi\u00f3n de 25 de octubre de 2018, establece que la gesti\u00f3n econ\u00f3mica de todas las ense\u00f1anzas propias se realizar\u00e1 exclusivamente a trav\u00e9s de la FGUPM o por las Fundaciones existentes en la UPM, que  [&#8230;]<\/p>\n","protected":false},"author":2,"featured_media":0,"parent":0,"menu_order":0,"comment_status":"closed","ping_status":"closed","template":"","meta":{"footnotes":""},"class_list":["post-11780","page","type-page","status-publish","hentry"],"_links":{"self":[{"href":"https:\/\/www.fgupm.es\/index.php?rest_route=\/wp\/v2\/pages\/11780","targetHints":{"allow":["GET"]}}],"collection":[{"href":"https:\/\/www.fgupm.es\/index.php?rest_route=\/wp\/v2\/pages"}],"about":[{"href":"https:\/\/www.fgupm.es\/index.php?rest_route=\/wp\/v2\/types\/page"}],"author":[{"embeddable":true,"href":"https:\/\/www.fgupm.es\/index.php?rest_route=\/wp\/v2\/users\/2"}],"replies":[{"embeddable":true,"href":"https:\/\/www.fgupm.es\/index.php?rest_route=%2Fwp%2Fv2%2Fcomments&post=11780"}],"version-history":[{"count":13,"href":"https:\/\/www.fgupm.es\/index.php?rest_route=\/wp\/v2\/pages\/11780\/revisions"}],"predecessor-version":[{"id":13068,"href":"https:\/\/www.fgupm.es\/index.php?rest_route=\/wp\/v2\/pages\/11780\/revisions\/13068"}],"wp:attachment":[{"href":"https:\/\/www.fgupm.es\/index.php?rest_route=%2Fwp%2Fv2%2Fmedia&parent=11780"}],"curies":[{"name":"wp","href":"https:\/\/api.w.org\/{rel}","templated":true}]}}