{"id":11845,"date":"2016-04-22T06:47:14","date_gmt":"2016-04-22T06:47:14","guid":{"rendered":"https:\/\/www.fgupm.es\/?page_id=11845"},"modified":"2016-04-22T06:48:38","modified_gmt":"2016-04-22T06:48:38","slug":"ciesp-centro-internacional-de-estudios-sobre-el-patrimonio-cultural","status":"publish","type":"page","link":"https:\/\/www.fgupm.es\/?page_id=11845","title":{"rendered":"CIESP. Centro Internacional de Estudios sobre el Patrimonio Cultural"},"content":{"rendered":"<p>La Fundaci\u00f3n General de la UPM, a trav\u00e9s de una encomienda de la UPM, desarrolla la gesti\u00f3n econ\u00f3mico\/administrativa del Centro Internacional de Estudios sobre el Patrimonio Cultural (CIESP).<\/p>\n<p>El CIESP es un Centro de Estudios propio de la UPM del m\u00e1s alto nivel cient\u00edfico y t\u00e9cnico, que tiene por fines la promoci\u00f3n, realizaci\u00f3n y difusi\u00f3n de actividades de investigaci\u00f3n y formaci\u00f3n dentro de las \u00e1reas cient\u00edficas y tecnol\u00f3gicas referidas al \u00e1mbito del patrimonio.<\/p>\n<p><a href=\"http:\/\/www.investigacionenconservacion.es\/\" target=\"_blank\">Enlace CIESP<\/a><\/p>\n","protected":false},"excerpt":{"rendered":"<p>La Fundaci\u00f3n General de la UPM, a trav\u00e9s de una encomienda de la UPM, desarrolla la gesti\u00f3n econ\u00f3mico\/administrativa del Centro Internacional de Estudios sobre el Patrimonio Cultural (CIESP). El CIESP es un Centro de Estudios propio de la UPM del m\u00e1s alto nivel cient\u00edfico y t\u00e9cnico, que tiene por fines la promoci\u00f3n, realizaci\u00f3n y difusi\u00f3n  [&#8230;]<\/p>\n","protected":false},"author":2,"featured_media":0,"parent":0,"menu_order":0,"comment_status":"closed","ping_status":"closed","template":"","meta":{"footnotes":""},"class_list":["post-11845","page","type-page","status-publish","hentry"],"_links":{"self":[{"href":"https:\/\/www.fgupm.es\/index.php?rest_route=\/wp\/v2\/pages\/11845","targetHints":{"allow":["GET"]}}],"collection":[{"href":"https:\/\/www.fgupm.es\/index.php?rest_route=\/wp\/v2\/pages"}],"about":[{"href":"https:\/\/www.fgupm.es\/index.php?rest_route=\/wp\/v2\/types\/page"}],"author":[{"embeddable":true,"href":"https:\/\/www.fgupm.es\/index.php?rest_route=\/wp\/v2\/users\/2"}],"replies":[{"embeddable":true,"href":"https:\/\/www.fgupm.es\/index.php?rest_route=%2Fwp%2Fv2%2Fcomments&post=11845"}],"version-history":[{"count":2,"href":"https:\/\/www.fgupm.es\/index.php?rest_route=\/wp\/v2\/pages\/11845\/revisions"}],"predecessor-version":[{"id":11847,"href":"https:\/\/www.fgupm.es\/index.php?rest_route=\/wp\/v2\/pages\/11845\/revisions\/11847"}],"wp:attachment":[{"href":"https:\/\/www.fgupm.es\/index.php?rest_route=%2Fwp%2Fv2%2Fmedia&parent=11845"}],"curies":[{"name":"wp","href":"https:\/\/api.w.org\/{rel}","templated":true}]}}