{"id":11849,"date":"2016-04-22T07:39:14","date_gmt":"2016-04-22T07:39:14","guid":{"rendered":"https:\/\/www.fgupm.es\/?page_id=11849"},"modified":"2018-01-22T16:01:17","modified_gmt":"2018-01-22T16:01:17","slug":"unidades-de-apoyo-a-la-investigacion","status":"publish","type":"page","link":"https:\/\/www.fgupm.es\/?page_id=11849","title":{"rendered":"Unidades de apoyo a la investigaci\u00f3n"},"content":{"rendered":"<p>La Fundaci\u00f3n General de la UPM, a trav\u00e9s de una encomienda de la UPM, desarrolla\u00a0la gesti\u00f3n administrativa total o parcial de determinadas unidades que prestan servicio de apoyo a la docencia y a la investigaci\u00f3n en la UPM.<\/p>\n<p>Dichas unidades son:<\/p>\n<ul>\n<li>Oficina de Proyectos Internacionales de I+D+i.<\/li>\n<li>Oficina de Transferencia de Resultados de Investigaci\u00f3n.<\/li>\n<li>Gabinete de Tele-Educaci\u00f3n.<\/li>\n<li>Observatorios de I+D y Acad\u00e9mico.<\/li>\n<li>Servicio de Planificaci\u00f3n de Sistemas de Informaci\u00f3n.<\/li>\n<li>Campus de Excelencia, Cultura Cient\u00edfica e Innovaci\u00f3n Educativa.<\/li>\n<li>Programas y Dise\u00f1o Gr\u00e1fico.<\/li>\n<li>Servicio de Innovaci\u00f3n Educativa.<\/li>\n<li>Unidad de Programaci\u00f3n de Servicios Inform\u00e1ticos.<\/li>\n<li>Oficina de Transferencia Tecnol\u00f3gica.<\/li>\n<li>Determinados servicios de apoyo a las actividades del Rectorado UPM, Centros e Institutos de Investigaci\u00f3n, Centro de Empresas y Escuelas.<\/li>\n<\/ul>\n<p>En reuni\u00f3n del Patronato de la Fundaci\u00f3n General de la UPM celebrada el 24 de junio de 2008 y tras la propuesta del Consejo de Gobierno de la Universidad Polit\u00e9cnica de Madrid, se aprob\u00f3 por unanimidad la condici\u00f3n de la Fundaci\u00f3n General de la UPM como entidad promotora y gestora del Parque Cient\u00edfico y Tecnol\u00f3gico de la UPM. En virtud de dicha designaci\u00f3n se crea la siguiente unidad, gestionada administrativamente por la FGUPM, que queda encuadrada dentro de esta encomienda.<\/p>\n<ul>\n<li>Unidad de apoyo al desarrollo de las actividades del Parque Cient\u00edfico y Tecnol\u00f3gico de la UPM.<\/li>\n<\/ul>\n<p>Todo ello dentro de los fines establecidos en el art\u00edculo 2 de los Estatutos de la Universidad Polit\u00e9cnica de Madrid aprobados mediante Decreto 74\/2010, de 21 de octubre, del Consejo de Gobierno de la Comunidad de Madrid.<\/p>\n<p>El contenido de la encomienda versar\u00e1 sobre las materias relacionadas con la gesti\u00f3n, de las referidas unidades, entre las cuales cabe destacar a modo enunciativo, sin perjuicio de poder desarrollar otras actividades necesarias no contempladas en esta relaci\u00f3n:<\/p>\n<ul>\n<li>Asesor\u00eda jur\u00eddica:\n<ul>\n<li>Gestiones necesarias para la firma de acuerdos con proveedores.<\/li>\n<li>Asesoramiento general para el desarrollo de la actividad.<\/li>\n<li>Elaboraci\u00f3n de los contratos de prestaci\u00f3n de servicios que resultasen necesario establecer para el desarrollo de las actividades propias de dichas unidades.<\/li>\n<li>Establecimiento de los requisitos para asegurar el cumplimiento de la Ley de Contratos del Sector P\u00fablico en cuanto a todo aquello que resultase de aplicaci\u00f3n en la materia.<\/li>\n<\/ul>\n<\/li>\n<\/ul>\n<ul>\n<li>Gesti\u00f3n econ\u00f3mico \/ administrativa:\n<ul>\n<li>Emisi\u00f3n de facturaci\u00f3n seg\u00fan lo estipulado para el desarrollo de las actividades de las referidas unidades.<\/li>\n<li>Contabilidad separada para el conjunto de estas unidades.<\/li>\n<li>Consulta on-line de la contabilidad por parte del Vicerrectorado de Asuntos Econ\u00f3micos de la Universidad.<\/li>\n<li>Tramitaci\u00f3n de los pagos asociados al desarrollo de las actividades propias de las referidas unidades.<\/li>\n<li>Elaboraci\u00f3n de los informes que al efecto considere necesarios la UPM.<\/li>\n<\/ul>\n<\/li>\n<\/ul>\n<ul>\n<li>Recursos humanos:\n<ul>\n<li>Asesoramiento, realizaci\u00f3n y gesti\u00f3n de los contratos laborales asociados al desarrollo de las contrataciones que sea necesario establecer asociados a la actividad de las unidades de gesti\u00f3n.<\/li>\n<li>Gesti\u00f3n de n\u00f3minas y seguridad social.<\/li>\n<li>Prevenci\u00f3n de riesgos laborales.<\/li>\n<\/ul>\n<\/li>\n<\/ul>\n","protected":false},"excerpt":{"rendered":"<p>La Fundaci\u00f3n General de la UPM, a trav\u00e9s de una encomienda de la UPM, desarrolla\u00a0la gesti\u00f3n administrativa total o parcial de determinadas unidades que prestan servicio de apoyo a la docencia y a la investigaci\u00f3n en la UPM. Dichas unidades son: Oficina de Proyectos Internacionales de I+D+i. Oficina de Transferencia de Resultados de Investigaci\u00f3n. Gabinete  [&#8230;]<\/p>\n","protected":false},"author":2,"featured_media":0,"parent":0,"menu_order":0,"comment_status":"closed","ping_status":"closed","template":"","meta":{"footnotes":""},"class_list":["post-11849","page","type-page","status-publish","hentry"],"_links":{"self":[{"href":"https:\/\/www.fgupm.es\/index.php?rest_route=\/wp\/v2\/pages\/11849","targetHints":{"allow":["GET"]}}],"collection":[{"href":"https:\/\/www.fgupm.es\/index.php?rest_route=\/wp\/v2\/pages"}],"about":[{"href":"https:\/\/www.fgupm.es\/index.php?rest_route=\/wp\/v2\/types\/page"}],"author":[{"embeddable":true,"href":"https:\/\/www.fgupm.es\/index.php?rest_route=\/wp\/v2\/users\/2"}],"replies":[{"embeddable":true,"href":"https:\/\/www.fgupm.es\/index.php?rest_route=%2Fwp%2Fv2%2Fcomments&post=11849"}],"version-history":[{"count":3,"href":"https:\/\/www.fgupm.es\/index.php?rest_route=\/wp\/v2\/pages\/11849\/revisions"}],"predecessor-version":[{"id":12492,"href":"https:\/\/www.fgupm.es\/index.php?rest_route=\/wp\/v2\/pages\/11849\/revisions\/12492"}],"wp:attachment":[{"href":"https:\/\/www.fgupm.es\/index.php?rest_route=%2Fwp%2Fv2%2Fmedia&parent=11849"}],"curies":[{"name":"wp","href":"https:\/\/api.w.org\/{rel}","templated":true}]}}