{"id":11916,"date":"2016-05-05T14:54:36","date_gmt":"2016-05-05T14:54:36","guid":{"rendered":"https:\/\/www.fgupm.es\/?page_id=11916"},"modified":"2021-03-17T11:18:44","modified_gmt":"2021-03-17T11:18:44","slug":"personalidad-juridica-de-la-fgupm","status":"publish","type":"page","link":"https:\/\/www.fgupm.es\/?page_id=11916","title":{"rendered":"Personalidad Jur\u00eddica de la FGUPM"},"content":{"rendered":"<p>La Fundaci\u00f3n General de Universidad Polit\u00e9cnica de Madrid, es una organizaci\u00f3n de car\u00e1cter privado, sin \u00e1nimo de lucro que tiene afectado de modo duradero su patrimonio a la realizaci\u00f3n de los fines de inter\u00e9s general que se detallan en el art\u00edculo 6 de los Estatutos Fundacionales.<\/p>\n<p>No obstante, lo anterior, a los solos efectos de la Ley 9\/2017, de 8 de noviembre, de Contratos del Sector P\u00fablico, ostenta la condici\u00f3n de Fundaci\u00f3n P\u00fablica, con naturaleza de poder adjudicador y medio propio personificado de la Universidad Polit\u00e9cnica de Madrid.<\/p>\n","protected":false},"excerpt":{"rendered":"<p>La Fundaci\u00f3n General de Universidad Polit\u00e9cnica de Madrid, es una organizaci\u00f3n de car\u00e1cter privado, sin \u00e1nimo de lucro que tiene afectado de modo duradero su patrimonio a la realizaci\u00f3n de los fines de inter\u00e9s general que se detallan en el art\u00edculo 6 de los Estatutos Fundacionales. No obstante, lo anterior, a los solos efectos de  [&#8230;]<\/p>\n","protected":false},"author":2,"featured_media":0,"parent":0,"menu_order":0,"comment_status":"closed","ping_status":"closed","template":"","meta":{"footnotes":""},"class_list":["post-11916","page","type-page","status-publish","hentry"],"_links":{"self":[{"href":"https:\/\/www.fgupm.es\/index.php?rest_route=\/wp\/v2\/pages\/11916","targetHints":{"allow":["GET"]}}],"collection":[{"href":"https:\/\/www.fgupm.es\/index.php?rest_route=\/wp\/v2\/pages"}],"about":[{"href":"https:\/\/www.fgupm.es\/index.php?rest_route=\/wp\/v2\/types\/page"}],"author":[{"embeddable":true,"href":"https:\/\/www.fgupm.es\/index.php?rest_route=\/wp\/v2\/users\/2"}],"replies":[{"embeddable":true,"href":"https:\/\/www.fgupm.es\/index.php?rest_route=%2Fwp%2Fv2%2Fcomments&post=11916"}],"version-history":[{"count":3,"href":"https:\/\/www.fgupm.es\/index.php?rest_route=\/wp\/v2\/pages\/11916\/revisions"}],"predecessor-version":[{"id":13459,"href":"https:\/\/www.fgupm.es\/index.php?rest_route=\/wp\/v2\/pages\/11916\/revisions\/13459"}],"wp:attachment":[{"href":"https:\/\/www.fgupm.es\/index.php?rest_route=%2Fwp%2Fv2%2Fmedia&parent=11916"}],"curies":[{"name":"wp","href":"https:\/\/api.w.org\/{rel}","templated":true}]}}