{"id":12029,"date":"2016-09-21T16:05:14","date_gmt":"2016-09-21T16:05:14","guid":{"rendered":"https:\/\/www.fgupm.es\/?page_id=12029"},"modified":"2017-06-28T12:17:31","modified_gmt":"2017-06-28T12:17:31","slug":"historico-del-perfil-del-contrante","status":"publish","type":"page","link":"https:\/\/www.fgupm.es\/?page_id=12029","title":{"rendered":"Hist\u00f3rico del Perfil del contratante"},"content":{"rendered":"<h2 style=\"text-align: center;\"><strong>ANUNCIOS DE CONTRATACI\u00d3N<\/strong><\/h2>\n<p><strong>COMPRA DE LIBROS (CEPADE) 2016<\/strong><\/p>\n<ul>\n<li>Fecha de publicaci\u00f3n: 07 de marzo de 2016<\/li>\n<li>Plazo presentaci\u00f3n ofertas: Hasta el 18 de marzo de 2016 a las 14:00 horas<\/li>\n<li><a href=\"https:\/\/www.fgupm.es\/wp-content\/uploads\/2016\/09\/LIBROSCEPADE2016.pdf\">Solicitud<\/a><\/li>\n<\/ul>\n<p><strong>CONTRATACI\u00d3N DE SERVICIO DE CAMPA\u00d1A DE MARKETING ON LINE<\/strong><\/p>\n<ul>\n<li>Fecha de publicaci\u00f3n: 17 de junio de 2015.<\/li>\n<li>Plazo presentaci\u00f3n ofertas: 27 de junio de 2015<\/li>\n<li><a href=\"https:\/\/www.fgupm.es\/wp-content\/uploads\/2016\/09\/serviciopublicidad.pdf\">Solicitud<\/a><\/li>\n<\/ul>\n<p><strong>CONTRATACI\u00d3N PARA LA ADQUISICI\u00d3N DE SUMINISTRO DE UN EQUIPO DE CALORIMETRIA DIFERENCIAL DE BARRIDO (DSC) O DE AN\u00c1LISIS T\u00c9RMICO DIFERENCIAL (DTA) QUE PERMITA HACER AN\u00c1LISIS DSC<\/strong><\/p>\n<ul>\n<li>Fecha de publicaci\u00f3n: 6 de mayo de 2015.<\/li>\n<li>Plazo presentaci\u00f3n ofertas: 18 de mayo de 2015<\/li>\n<li><a href=\"https:\/\/www.fgupm.es\/wp-content\/uploads\/2016\/09\/pliegomayo2015.pdf\">Solicitud<\/a><\/li>\n<li>Las ofertas se presentar\u00e1n por correo electr\u00f3nico dirigidas a cualquiera de esta dos personas Don Jos\u00e9 Mar\u00eda Bad\u00eda P\u00e9rez e-mail: <a href=\"mailto:josemaria.badia@upm.es\">josemaria.badia@upm.es<\/a>; Don Juan Manuel Antoranz P\u00e9rez e-mail: <a href=\"mailto:juanmanuel.antoranz@upm.es\">juanmanuel.antoranz@upm.es<\/a><\/li>\n<\/ul>\n<p><strong>CONTRATACI\u00d3N DE SERVICIOS MARKETING ON-LINE<\/strong><\/p>\n<ul>\n<li>Fecha de publicaci\u00f3n: 16 de febrero de 2015.<\/li>\n<li>Plazo presentaci\u00f3n ofertas: 23 de febrero de 2015<\/li>\n<li><a href=\"https:\/\/www.fgupm.es\/wp-content\/uploads\/2016\/09\/MAgipig.pdf\">Solicitud<\/a><\/li>\n<\/ul>\n<p><strong>COMPRA CAT\u00c1LOGO LIBROS 2015<\/strong><\/p>\n<ul>\n<li>Fecha de publicaci\u00f3n : 15 de enero de 2015.<\/li>\n<li>Plazo presentaci\u00f3n ofertas: 20 de enero de 2015<\/li>\n<li><a href=\"https:\/\/www.fgupm.es\/wp-content\/uploads\/2016\/09\/SOLICITUD_OFERTA_LIBROS_CEPADE_2015.pdf\">Solicitud<\/a><\/li>\n<\/ul>\n<p><strong>CONTRATACI\u00d3N SERVICIO MENSAJER\u00cdA 2015<\/strong><\/p>\n<ul>\n<li>Fecha de publicaci\u00f3n: 15 de enero de 2015.<\/li>\n<li>Plazo presentaci\u00f3n ofertas: 20 de enero de 2015<\/li>\n<li><a href=\"https:\/\/www.fgupm.es\/wp-content\/uploads\/2016\/09\/SOLICITUD_OFERTA_MENSAJERIA_2015.pdf\">Solicitud<\/a><\/li>\n<\/ul>\n<p><strong>CONTRATACI\u00d3N PARA LA ADQUISICI\u00d3N DE SUMINISTRO DE 70 FIBRAS CON 3 SENSORES FBG CADA UNA, Y 70 FIBRAS CON 2 SENSORES FBG CADA UNA<\/strong><\/p>\n<ul>\n<li>Fecha de publicaci\u00f3n: 30 de mayo de 2014.<\/li>\n<li>Plazo presentaci\u00f3n ofertas: hasta el 4 de junio de 2014.<\/li>\n<li>Las ofertas se presentar\u00e1n por correo electr\u00f3nico ( antonio.fernandez.lopez@upm.es) o correo postal (Antonio Fernandez Lopez; ETS Ingenieros Aeronauticos; Plaza Cardenal Cisneros, 3; 28040 MADRID)<\/li>\n<li><a href=\"https:\/\/www.fgupm.es\/wp-content\/uploads\/2016\/09\/Compra-Antonio-Fernandez-Lopez2.pdf\">Solicitud de presupuestos<\/a><\/li>\n<\/ul>\n<p><strong>CONTRATACI\u00d3N DE ASISTENCIA T\u00c9CNICA COMPLEMENTARIA EN EL \u00c1REA DE CERTIFICACI\u00d3N (GAS) Y DIRECCI\u00d3N T\u00c9CNICA DEL LOM<\/strong><\/p>\n<ul>\n<li>Fecha de publicaci\u00f3n: 27 de enero de 2014.<\/li>\n<li>Plazo presentaci\u00f3n ofertas: hasta el 7 de febrero de 2014.<\/li>\n<li>Las ofertas se presentar\u00e1n en sobre cerrado, indicando el t\u00edtulo de la contrataci\u00f3n, en el Registro General de la FGUPM, calle Pastor, n\u00ba 3, 28003 Madrid, (horario de 09:00 a 14:00 horas)<\/li>\n<li><a href=\"https:\/\/www.fgupm.es\/wp-content\/uploads\/2016\/09\/Pliego-CD.pdf\">Solicitud de presupuestos<\/a><\/li>\n<\/ul>\n<p><strong>CONTRATACI\u00d3N DE ASISTENCIA T\u00c9CNICA COMPLEMENTARIA EN CERTIFICACI\u00d3N-DIRECCI\u00d3N T\u00c9CNICA DEL LOM<\/strong><\/p>\n<ul>\n<li>Fecha de publicaci\u00f3n: 18 de noviembre de 2013.<\/li>\n<li>Plazo presentaci\u00f3n ofertas: hasta el 25 de noviembre de 2013.<\/li>\n<li>Las ofertas se presentar\u00e1n en sobre cerrado, indicando el t\u00edtulo de la contrataci\u00f3n, en el Registro General de la FGUPM, calle Pastor, n\u00ba 3, 28003 Madrid, (horario de 09:00 a 14:00 horas)<\/li>\n<li><a href=\"https:\/\/www.fgupm.es\/wp-content\/uploads\/2016\/09\/Pliego-CD.pdf\">Solicitud de presupuestos<\/a><\/li>\n<\/ul>\n<p><strong>CONTRATACI\u00d3N DE ASISTENCIA T\u00c9CNICA COMPLEMENTARIA EN EL \u00c1REA DE MINERIA Y ATEX DEL LOM<\/strong><\/p>\n<ul>\n<li>Fecha de publicaci\u00f3n: 18 de noviembre de 2013.<\/li>\n<li>Plazo presentaci\u00f3n ofertas: hasta el 25 de noviembre de 2013.<\/li>\n<li>Las ofertas se presentar\u00e1n en sobre cerrado, indicando el t\u00edtulo de la contrataci\u00f3n, en el Registro General de la FGUPM, calle Pastor, n\u00ba 3, 28003 Madrid, (horario de 09:00 a 14:00 horas)<\/li>\n<li><a href=\"https:\/\/www.fgupm.es\/wp-content\/uploads\/2016\/09\/Pliego-areaATEX-MINERIA.pdf\">Solicitud de presupuestos<\/a><\/li>\n<\/ul>\n<p><strong>CONTRATACI\u00d3N DE ASISTENCIA T\u00c9CNICA COMPLEMENTARIA EN LA DIRECCI\u00d3N T\u00c9CNICA DEL LOM<\/strong><\/p>\n<ul>\n<li>Fecha de publicaci\u00f3n: 13 de noviembre de 2013.<\/li>\n<li>Plazo presentaci\u00f3n ofertas: hasta el 20 de noviembre de 2013.<\/li>\n<li>Las ofertas se presentar\u00e1n en sobre cerrado, indicando el t\u00edtulo de la contrataci\u00f3n, en el Registro General de la FGUPM, calle Pastor, n\u00ba 3, 28003 Madrid, (horario de 09:00 a 14:00 horas)<\/li>\n<li><a href=\"https:\/\/www.fgupm.es\/wp-content\/uploads\/2016\/09\/FGUPMJulio2012.rar\">Solicitud de presupuestos<\/a><\/li>\n<\/ul>\n<p><strong>CONTRATACI\u00d3N PARA SUMINISTRO DEL SISTEMA DE HIELO-CTB<\/strong><\/p>\n<ul>\n<li><a href=\"https:\/\/www.fgupm.es\/wp-content\/uploads\/2016\/09\/CONTRATACION_SUMINISTRO_HELIOCTB.doc\">Solicitud de presupuestos<\/a><\/li>\n<\/ul>\n<p><strong>CONTRATACI\u00d3N DE SERVICIOS<\/strong><\/p>\n<ul>\n<li><a href=\"https:\/\/www.fgupm.es\/wp-content\/uploads\/2016\/09\/CONTRATACION-DE-SERVICIOS.docx\">Solicitud de presupuestos<\/a><\/li>\n<\/ul>\n<p><strong>CONTRATACI\u00d3N SERVICIO DE MENSAJER\u00cdA<\/strong><\/p>\n<ul>\n<li><a href=\"https:\/\/www.fgupm.es\/wp-content\/uploads\/2016\/09\/SOLICITUD-OFERTA-MENSAJERIA-CEPADE.pdf\">Solicitud de presupuestos<\/a><\/li>\n<\/ul>\n<p><strong>COMPRA CAT\u00c1LOGO LIBROS<\/strong><\/p>\n<ul>\n<li><a href=\"https:\/\/www.fgupm.es\/wp-content\/uploads\/2016\/09\/SOLICITUD-OFERTA-LIBROS-CEPADE.doc\">Solicitud<\/a><\/li>\n<\/ul>\n<p><strong>COMPRA DE UNA FURGONETA<\/strong><\/p>\n<ul>\n<li><a href=\"https:\/\/www.fgupm.es\/wp-content\/uploads\/2016\/09\/Documento11.docx\">Solicitud de presupuestos<\/a><\/li>\n<\/ul>\n<p><strong>CONTRATO COMPRA CROMAT\u00d3GRAFO<\/strong><\/p>\n<ul>\n<li><a href=\"https:\/\/www.fgupm.es\/wp-content\/uploads\/2016\/09\/CROMATOGRAFO.pdf\">Pliego prescripciones t\u00e9cnicas<\/a><\/li>\n<\/ul>\n<p><strong>CONTRATO DE UN SERVICIO DE CONSULTOR\u00cdA PARA LA MEJORA DE LA CALIDAD EN SUS PROCEDIMIENTOS Y PROCESOS FORMATIVOS<\/strong><\/p>\n<ul>\n<li><a href=\"https:\/\/www.fgupm.es\/wp-content\/uploads\/2016\/09\/Memoria_Justificativa_consultoria.pdf\">Memoria justificativa<\/a><\/li>\n<\/ul>\n<p><strong>CONTRATO DE SUMINISTRO DE UNOS PANELES SOLARES PARA SAT\u00c9LITE<\/strong><\/p>\n<ul>\n<li><a href=\"https:\/\/www.fgupm.es\/wp-content\/uploads\/2016\/09\/memoria-panel-solar-selex.pdf\">Pliego de prescripciones t\u00e9cnicas<\/a><\/li>\n<li>Plazo de presentaci\u00f3n de ofertas: desde el 20\/3\/2012 hasta el 25\/03\/2012 (5 d\u00edas naturales).<\/li>\n<\/ul>\n<p><strong>CONTRATACI\u00d3N PARA ADQUISICI\u00d3N DE UN \u00abMICROSCOPIO DE FUERZA AT\u00d3MICA CON CAPACIDAD DE ENSAYO DE C\u00c9LULAS Y TEJIDOS IN VITRO \u00b4\u00b4 IMPORTE TOTAL DE LA CONTRATACI\u00d3N 210.000, 00 EUROS (IVA no inclu\u00eddo)<\/strong><\/p>\n<ul>\n<li><a href=\"https:\/\/www.fgupm.es\/wp-content\/uploads\/2016\/09\/Administrativas.pdf\">Pliego de prescripciones administrativas<\/a><\/li>\n<li><a href=\"https:\/\/www.fgupm.es\/wp-content\/uploads\/2016\/09\/Tecnicas.pdf\">Pliego de prescripciones t\u00e9cnicas<\/a><\/li>\n<\/ul>\n<p><strong>CONTRATACI\u00d3N DE SUMINISTRO E INSTALACI\u00d3N DE MOBILIARIO EN LAS NUEVAS INSTALACIONES DEL LABORATORIO OFICIAL DE MATERIALES DE CONSTRUCCI\u00d3N (LOEMCO)<\/strong><\/p>\n<ul>\n<li>Nota importante: El plazo de presentaci\u00f3n de las ofertas vence el pr\u00f3ximo 28 de febrero.<\/li>\n<li><a href=\"https:\/\/www.fgupm.es\/wp-content\/uploads\/2016\/09\/PLIEGO_MOBILIARIO__LOMECO.pdf\">PLIEGO DE PRESCRIPCIONES ADMINISTRATIVAS Y T\u00c9CNICAS<\/a><\/li>\n<li><a href=\"https:\/\/www.fgupm.es\/wp-content\/uploads\/2016\/09\/Criterios_de_valoracion.pdf\">CRITERIOS DE VALORACI\u00d3N<\/a><\/li>\n<\/ul>\n<p><strong>SUMINISTRO E INTALACI\u00d3N DE M\u00c1QUINA DE COMPRESI\u00d3N DE 4000 KN PARA LA NUEVA SEDE DE LOEMCO<\/strong><\/p>\n<ul>\n<li><a href=\"https:\/\/www.fgupm.es\/wp-content\/uploads\/2016\/09\/Pliego_Tcnico_Prensa_4000_kN.pdf\">Pliego T\u00e9cnico Prensa 4000 kN<\/a><\/li>\n<\/ul>\n<p><strong>SUMINISTRO E INSTALACI\u00d3N DE M\u00c1QUINA MULTIENSAYOS DE 100 kN PARA LA NUEVA SEDE DE LOEMCO<\/strong><\/p>\n<ul>\n<li><a href=\"https:\/\/www.fgupm.es\/wp-content\/uploads\/2016\/09\/Pliego_Tcnico_Prensa_100_kN.pdf\">Pliego T\u00e9cnico Prensa 100 kN<\/a><\/li>\n<\/ul>\n<h2 style=\"text-align: center;\"><strong>CONCURSOS<\/strong><\/h2>\n<p><strong>CONTRATACI\u00d3N DEL SUMINISTRO E INSTALACI\u00d3N DEL COMPONENTE PARA LA ACTUALIZACI\u00d3N Y MEJORA DE LA MEG INSTALADA EN EL CENTRO DE TECNOLOG\u00cdA BIOM\u00c9DICA (PARQUE CIENT\u00cdFICO Y TECNOL\u00d3GICO, CAMPUS DE MONTEGANCEDO) MEDIANTE PROCEDIMIENTO ABIERTO<\/strong><\/p>\n<ul>\n<li><a href=\"https:\/\/www.fgupm.es\/wp-content\/uploads\/2016\/09\/PLIEGO_CLAUSULAS_ADMINISTRATIVAS_-PARTICULARES_SUMINISTRO.pdf\">Pliego de cl\u00e1usulas administrativas particulares<\/a><\/li>\n<li><a href=\"https:\/\/www.fgupm.es\/wp-content\/uploads\/2016\/09\/PLIEGO-TECNICAS-MEG-ULT-COMP.pdf\">Pliego de cl\u00e1usulas t\u00e9cnicas<\/a><\/li>\n<li><a href=\"https:\/\/www.fgupm.es\/wp-content\/uploads\/2016\/09\/composicionMesa_mejoraMEG.pdf\">Composici\u00f3n de la mesa de contrataci\u00f3n<\/a><\/li>\n<li><a href=\"https:\/\/www.fgupm.es\/wp-content\/uploads\/2016\/09\/concurso_MEG.pdf\">Concurso MEG<\/a><\/li>\n<li><a href=\"https:\/\/www.fgupm.es\/wp-content\/uploads\/2016\/09\/Adjudicacion_Definitiva.pdf\">Adjudicaci\u00f3n definitiva<\/a><\/li>\n<\/ul>\n<p><strong>CONTRATACI\u00d3N DEL SUMINISTRO E INSTALACI\u00d3N DEL MOBILIARIO DEL CENTRO DE TECNOLOG\u00cdA BIOM\u00c9DICA (CTB) (PARQUE CIENT\u00cdFICO Y TECNOL\u00d3GICO, CAMPUS DE MONTEGANCEDO) MEDIANTE PROCEDIMIENTO ABIERTO.<\/strong><\/p>\n<ul>\n<li><a href=\"https:\/\/www.fgupm.es\/wp-content\/uploads\/2016\/09\/PLIEGO_CLAUSULAS_ADMINISTRATIVAS.pdf\">PLIEGO DE CL\u00c1USULAS ADMINISTRATIVAS mobiliario lab CTB<\/a><\/li>\n<li><a href=\"https:\/\/www.fgupm.es\/wp-content\/uploads\/2016\/09\/PLIEGO_CONDICIONES_TECNICAS.pdf\">PLIEGO DE CONDICIONES TECNICAS muebles CTB<\/a><\/li>\n<li><a href=\"https:\/\/www.fgupm.es\/wp-content\/uploads\/2016\/09\/Planta_baja_CTB.pdf\">Planta baja CTB<\/a><\/li>\n<li><a href=\"https:\/\/www.fgupm.es\/wp-content\/uploads\/2016\/09\/Planta_-1_CTB.pdf\">Planta -1 CTB<\/a><\/li>\n<li><a href=\"https:\/\/www.fgupm.es\/wp-content\/uploads\/2016\/09\/Planta_-2_CTB.pdf\">Planta -2 CTB<\/a><\/li>\n<li><a href=\"https:\/\/www.fgupm.es\/wp-content\/uploads\/2016\/09\/Descripcion_por_posiciones.pdf\">Descripci\u00f3n por posiciones<\/a><\/li>\n<\/ul>\n<p><strong>CONCURSO P\u00daBLICO CONTRATACI\u00d3N MOBILIARIO CENTRO DE TECNOLOG\u00cdA BIOM\u00c9DICA (CTB)<\/strong><\/p>\n<ul>\n<li><a href=\"https:\/\/www.fgupm.es\/wp-content\/uploads\/2016\/09\/COMPOSICION-DE-LA-MESA-DE-CONTRATACION.pdf\">COMPOSICI\u00d3N DE LA MESA DE CONTRATACI\u00d3N<\/a><\/li>\n<li>Fechas acto p\u00fablico de apertura de los sobres:\n<ul>\n<li><a href=\"https:\/\/www.fgupm.es\/wp-content\/uploads\/2016\/09\/sobre1.pdf\">Sobre n\u00ba1<\/a><\/li>\n<li><a href=\"https:\/\/www.fgupm.es\/wp-content\/uploads\/2016\/09\/sobre2.pdf\">Sobre n\u00ba2<\/a> (Relaci\u00f3n de empresas licitadoras con capacidad de obrar)<\/li>\n<li><a href=\"https:\/\/www.fgupm.es\/wp-content\/uploads\/2016\/09\/sobre3.pdf\">Sobre n\u00ba3<\/a><\/li>\n<\/ul>\n<\/li>\n<li><a href=\"https:\/\/www.fgupm.es\/wp-content\/uploads\/2016\/09\/TOTAL.pdf\">RESULTADO APERTURA SOBRE 1 Y VALORACI\u00d3N DOCUMENTACI\u00d3N T\u00c9CNICA.<\/a><\/li>\n<li><a href=\"https:\/\/www.fgupm.es\/wp-content\/uploads\/2016\/09\/resolucion_def.pdf\">RESOLUCI\u00d3N DE ADJUDICACI\u00d3N DEFINITIVA.<\/a><\/li>\n<\/ul>\n<p><strong>DESARROLLO DE UNA ARENA NORMALIZADA DE ORIGEN ESPA\u00d1OL PARA LA DETERMINACI\u00d3N DE LA RESISTENCIA DEL CEMENTO DE ACUERDO A LA NORMA EN 196-1<\/strong><\/p>\n<ul>\n<li><a href=\"https:\/\/www.fgupm.es\/wp-content\/uploads\/2016\/09\/Pliego-Tecnico-pesadora-automatica.pdf\">Pliego T\u00e9cnico Controladora de peso autom\u00e1tica<\/a><\/li>\n<li><a href=\"https:\/\/www.fgupm.es\/wp-content\/uploads\/2016\/09\/Pliego-Tecnico-Equipo-de-transporte-de-material.pdf\">Pliego T\u00e9cnico Equipo de transporte de material<\/a><\/li>\n<li><a href=\"https:\/\/www.fgupm.es\/wp-content\/uploads\/2016\/09\/Pliego-Tecnico-pesadora-automatica-1.pdf\">Pliego T\u00e9cnico pesadora autom\u00e1tica<\/a><\/li>\n<li><a href=\"https:\/\/www.fgupm.es\/wp-content\/uploads\/2016\/09\/Pliego-Tecnico-tamizadora-de-nutacion.pdf\">Pliego T\u00e9cnico tamizadora de nutacion<\/a><\/li>\n<li><a href=\"https:\/\/www.fgupm.es\/wp-content\/uploads\/2016\/09\/Pliego-Tolvas-de-almacenamiento.pdf\">Pliego Tolvas de almacenamiento<\/a><\/li>\n<\/ul>\n","protected":false},"excerpt":{"rendered":"<p>ANUNCIOS DE CONTRATACI\u00d3N COMPRA DE LIBROS (CEPADE) 2016 Fecha de publicaci\u00f3n: 07 de marzo de 2016 Plazo presentaci\u00f3n ofertas: Hasta el 18 de marzo de 2016 a las 14:00 horas Solicitud CONTRATACI\u00d3N DE SERVICIO DE CAMPA\u00d1A DE MARKETING ON LINE Fecha de publicaci\u00f3n: 17 de junio de 2015. Plazo presentaci\u00f3n ofertas: 27 de junio de  [&#8230;]<\/p>\n","protected":false},"author":1,"featured_media":0,"parent":0,"menu_order":0,"comment_status":"closed","ping_status":"closed","template":"","meta":{"footnotes":""},"class_list":["post-12029","page","type-page","status-publish","hentry"],"_links":{"self":[{"href":"https:\/\/www.fgupm.es\/index.php?rest_route=\/wp\/v2\/pages\/12029","targetHints":{"allow":["GET"]}}],"collection":[{"href":"https:\/\/www.fgupm.es\/index.php?rest_route=\/wp\/v2\/pages"}],"about":[{"href":"https:\/\/www.fgupm.es\/index.php?rest_route=\/wp\/v2\/types\/page"}],"author":[{"embeddable":true,"href":"https:\/\/www.fgupm.es\/index.php?rest_route=\/wp\/v2\/users\/1"}],"replies":[{"embeddable":true,"href":"https:\/\/www.fgupm.es\/index.php?rest_route=%2Fwp%2Fv2%2Fcomments&post=12029"}],"version-history":[{"count":19,"href":"https:\/\/www.fgupm.es\/index.php?rest_route=\/wp\/v2\/pages\/12029\/revisions"}],"predecessor-version":[{"id":12095,"href":"https:\/\/www.fgupm.es\/index.php?rest_route=\/wp\/v2\/pages\/12029\/revisions\/12095"}],"wp:attachment":[{"href":"https:\/\/www.fgupm.es\/index.php?rest_route=%2Fwp%2Fv2%2Fmedia&parent=12029"}],"curies":[{"name":"wp","href":"https:\/\/api.w.org\/{rel}","templated":true}]}}