{"id":12757,"date":"2019-01-21T12:05:22","date_gmt":"2019-01-21T12:05:22","guid":{"rendered":"https:\/\/www.fgupm.es\/?page_id=12757"},"modified":"2019-01-21T12:53:12","modified_gmt":"2019-01-21T12:53:12","slug":"unidad-de-calidad-y-atencion-al-profesorado","status":"publish","type":"page","link":"https:\/\/www.fgupm.es\/?page_id=12757","title":{"rendered":"Unidad de Calidad y Atenci\u00f3n al Profesorado"},"content":{"rendered":"<p>La Fundaci\u00f3n General de la UPM desde enero de 2019 ofrece a los directores de proyectos\/curso que gestionan sus proyectos a trav\u00e9s de la FGUPM un nuevo servicio llamado \u201cAtenci\u00f3n al Profesorado\u201d.<\/p>\n<p>El objetivo de dicho servicio es:<\/p>\n<ul>\n<li>Concentrar en un interlocutor la comunicaci\u00f3n con la FGUPM cuando los directores no sepan a quien acudir.<\/li>\n<li>Informaci\u00f3n, atenci\u00f3n, soluci\u00f3n o redirecci\u00f3n a la persona indicada de la FGUPM cualquier tipo de duda o incidencia.<\/li>\n<li>Detectar las necesidades que se generen en todos los procesos.<\/li>\n<li>Atenci\u00f3n de quejas y sugerencias.<\/li>\n<\/ul>\n<p>Al objeto de centralizar todas las consultas de los directores se ha creado un\u00a0 nuevo buz\u00f3n de correo <a href=\"mailto:atenci\u00f3n.profesorado@fgupm.es\">atenci\u00f3n.profesorado@fgupm.es<\/a>. e igualmente se ha habilitado una l\u00ednea de tel\u00e9fono directo \u00a0915331811.<\/p>\n<p><em>\u00a0<\/em><\/p>\n","protected":false},"excerpt":{"rendered":"<p>La Fundaci\u00f3n General de la UPM desde enero de 2019 ofrece a los directores de proyectos\/curso que gestionan sus proyectos a trav\u00e9s de la FGUPM un nuevo servicio llamado \u201cAtenci\u00f3n al Profesorado\u201d. El objetivo de dicho servicio es: Concentrar en un interlocutor la comunicaci\u00f3n con la FGUPM cuando los directores no sepan a quien acudir.  [&#8230;]<\/p>\n","protected":false},"author":2,"featured_media":0,"parent":0,"menu_order":0,"comment_status":"closed","ping_status":"closed","template":"","meta":{"footnotes":""},"class_list":["post-12757","page","type-page","status-publish","hentry"],"_links":{"self":[{"href":"https:\/\/www.fgupm.es\/index.php?rest_route=\/wp\/v2\/pages\/12757","targetHints":{"allow":["GET"]}}],"collection":[{"href":"https:\/\/www.fgupm.es\/index.php?rest_route=\/wp\/v2\/pages"}],"about":[{"href":"https:\/\/www.fgupm.es\/index.php?rest_route=\/wp\/v2\/types\/page"}],"author":[{"embeddable":true,"href":"https:\/\/www.fgupm.es\/index.php?rest_route=\/wp\/v2\/users\/2"}],"replies":[{"embeddable":true,"href":"https:\/\/www.fgupm.es\/index.php?rest_route=%2Fwp%2Fv2%2Fcomments&post=12757"}],"version-history":[{"count":1,"href":"https:\/\/www.fgupm.es\/index.php?rest_route=\/wp\/v2\/pages\/12757\/revisions"}],"predecessor-version":[{"id":12758,"href":"https:\/\/www.fgupm.es\/index.php?rest_route=\/wp\/v2\/pages\/12757\/revisions\/12758"}],"wp:attachment":[{"href":"https:\/\/www.fgupm.es\/index.php?rest_route=%2Fwp%2Fv2%2Fmedia&parent=12757"}],"curies":[{"name":"wp","href":"https:\/\/api.w.org\/{rel}","templated":true}]}}