{"id":13262,"date":"2020-07-10T07:14:02","date_gmt":"2020-07-10T07:14:02","guid":{"rendered":"https:\/\/www.fgupm.es\/?page_id=13262"},"modified":"2020-07-10T07:17:01","modified_gmt":"2020-07-10T07:17:01","slug":"codigo-de-buen-gobierno-y-buenas-practicas-de-gestion-de-la-fgupm","status":"publish","type":"page","link":"https:\/\/www.fgupm.es\/?page_id=13262","title":{"rendered":"C\u00f3digo de Buen Gobierno y Buenas Pr\u00e1cticas de Gesti\u00f3n de la FGUPM"},"content":{"rendered":"<div><iframe class=\"embed-pdf-viewer\" src=\"https:\/\/www.fgupm.es\/wp-content\/uploads\/2020\/07\/C\u00d3DIGO-DE-BUEN-GOBIERNO-Y-BUENAS-PR\u00c1CTICAS-DE-GESTI\u00d3N-FGUPM.pdf\" height=\"2100\" width=\"100%\" title=\"C\u00d3DIGO DE BUEN GOBIERNO Y BUENAS PR\u00c1CTICAS DE GESTI\u00d3N FGUPM\"><\/iframe><\/p>\n<p><a href=\"https:\/\/www.fgupm.es\/wp-content\/uploads\/2020\/07\/C\u00d3DIGO-DE-BUEN-GOBIERNO-Y-BUENAS-PR\u00c1CTICAS-DE-GESTI\u00d3N-FGUPM.pdf\" title=\"C\u00d3DIGO DE BUEN GOBIERNO Y BUENAS PR\u00c1CTICAS DE GESTI\u00d3N FGUPM\">C\u00d3DIGO DE BUEN GOBIERNO Y BUENAS PR\u00c1CTICAS DE GESTI\u00d3N FGUPM<\/a><\/p>\n<\/div>\n","protected":false},"excerpt":{"rendered":"","protected":false},"author":2,"featured_media":0,"parent":0,"menu_order":0,"comment_status":"closed","ping_status":"closed","template":"","meta":{"footnotes":""},"class_list":["post-13262","page","type-page","status-publish","hentry"],"_links":{"self":[{"href":"https:\/\/www.fgupm.es\/index.php?rest_route=\/wp\/v2\/pages\/13262","targetHints":{"allow":["GET"]}}],"collection":[{"href":"https:\/\/www.fgupm.es\/index.php?rest_route=\/wp\/v2\/pages"}],"about":[{"href":"https:\/\/www.fgupm.es\/index.php?rest_route=\/wp\/v2\/types\/page"}],"author":[{"embeddable":true,"href":"https:\/\/www.fgupm.es\/index.php?rest_route=\/wp\/v2\/users\/2"}],"replies":[{"embeddable":true,"href":"https:\/\/www.fgupm.es\/index.php?rest_route=%2Fwp%2Fv2%2Fcomments&post=13262"}],"version-history":[{"count":2,"href":"https:\/\/www.fgupm.es\/index.php?rest_route=\/wp\/v2\/pages\/13262\/revisions"}],"predecessor-version":[{"id":13264,"href":"https:\/\/www.fgupm.es\/index.php?rest_route=\/wp\/v2\/pages\/13262\/revisions\/13264"}],"wp:attachment":[{"href":"https:\/\/www.fgupm.es\/index.php?rest_route=%2Fwp%2Fv2%2Fmedia&parent=13262"}],"curies":[{"name":"wp","href":"https:\/\/api.w.org\/{rel}","templated":true}]}}