{"id":14254,"date":"2025-04-04T06:54:05","date_gmt":"2025-04-04T06:54:05","guid":{"rendered":"https:\/\/www.fgupm.es\/?page_id=14254"},"modified":"2025-09-01T10:34:53","modified_gmt":"2025-09-01T10:34:53","slug":"descubre-paradores","status":"publish","type":"page","link":"https:\/\/www.fgupm.es\/?page_id=14254","title":{"rendered":"Descubre paradores"},"content":{"rendered":"<div class=\"fusion-fullwidth fullwidth-box fusion-builder-row-1 fusion-flex-container has-pattern-background has-mask-background nonhundred-percent-fullwidth non-hundred-percent-height-scrolling\" style=\"--awb-border-radius-top-left:0px;--awb-border-radius-top-right:0px;--awb-border-radius-bottom-right:0px;--awb-border-radius-bottom-left:0px;--awb-flex-wrap:wrap;\" ><div class=\"fusion-builder-row fusion-row fusion-flex-align-items-flex-start fusion-flex-content-wrap\" style=\"max-width:1206.4px;margin-left: calc(-4% \/ 2 );margin-right: calc(-4% \/ 2 );\"><div class=\"fusion-layout-column fusion_builder_column fusion-builder-column-0 fusion_builder_column_1_1 1_1 fusion-flex-column\" style=\"--awb-bg-size:cover;--awb-width-large:100%;--awb-margin-top-large:0px;--awb-spacing-right-large:1.92%;--awb-margin-bottom-large:20px;--awb-spacing-left-large:1.92%;--awb-width-medium:100%;--awb-order-medium:0;--awb-spacing-right-medium:1.92%;--awb-spacing-left-medium:1.92%;--awb-width-small:100%;--awb-order-small:0;--awb-spacing-right-small:1.92%;--awb-spacing-left-small:1.92%;\"><div class=\"fusion-column-wrapper fusion-column-has-shadow fusion-flex-justify-content-flex-start fusion-content-layout-column\"><div class=\"fusion-text fusion-text-1\"><h1 style=\"text-align: center;\">Proyecto \u201cDescubre Paradores\u201d<\/h1>\n<p style=\"text-align: center;\">Desarrollado con fondos europeos<\/p>\n<\/div><div class=\"fusion-image-element \" style=\"text-align:center;--awb-caption-title-font-family:var(--h2_typography-font-family);--awb-caption-title-font-weight:var(--h2_typography-font-weight);--awb-caption-title-font-style:var(--h2_typography-font-style);--awb-caption-title-size:var(--h2_typography-font-size);--awb-caption-title-transform:var(--h2_typography-text-transform);--awb-caption-title-line-height:var(--h2_typography-line-height);--awb-caption-title-letter-spacing:var(--h2_typography-letter-spacing);\"><span class=\" fusion-imageframe imageframe-none imageframe-1 hover-type-none\"><img decoding=\"async\" width=\"1400\" height=\"132\" alt=\"Descubre Paradores - Fondos NextGenerationEU\" title=\"Paradores1400\" src=\"https:\/\/www.fgupm.es\/wp-content\/uploads\/2025\/05\/Paradores1400.jpg\" class=\"img-responsive wp-image-14287\" srcset=\"https:\/\/www.fgupm.es\/wp-content\/uploads\/2025\/05\/Paradores1400-200x19.jpg 200w, https:\/\/www.fgupm.es\/wp-content\/uploads\/2025\/05\/Paradores1400-400x38.jpg 400w, https:\/\/www.fgupm.es\/wp-content\/uploads\/2025\/05\/Paradores1400-600x57.jpg 600w, https:\/\/www.fgupm.es\/wp-content\/uploads\/2025\/05\/Paradores1400-800x75.jpg 800w, https:\/\/www.fgupm.es\/wp-content\/uploads\/2025\/05\/Paradores1400-1200x113.jpg 1200w, https:\/\/www.fgupm.es\/wp-content\/uploads\/2025\/05\/Paradores1400.jpg 1400w\" sizes=\"(max-width: 1024px) 100vw, (max-width: 640px) 100vw, 1200px\" \/><\/span><\/div><div class=\"fusion-text fusion-text-2\" style=\"--awb-margin-top:30px;\"><h3 style=\"text-align: center;\"><\/h3>\n<p>El proyecto \u00abDescubre Paradores\u00bb tiene por objeto propiciar la reflexi\u00f3n y difusi\u00f3n \u2014a distintas escalas\u2014 de los valores patrimoniales que entra\u00f1an los inmuebles de la red de Paradores, representada \u00e9sta por ocho edificios bien caracterizados, situados en diferentes comunidades aut\u00f3nomas: Gredos, Oropesa, \u00dabeda, M\u00e9rida, Hondarribia, Chinch\u00f3n, Lerma y Santo Estevo.<\/p>\n<p>Con este fin, este proyecto se concreta en la edici\u00f3n de un conjunto de ocho peque\u00f1as publicaciones \u2014\u00abop\u00fasculos\u00bb\u2014, una por parador, en los que se recogen de forma sint\u00e9tica las contribuciones de distintos autores especializados en las correspondientes dimensiones patrimoniales (la historia, la arquitectura, el paisaje, la arqueolog\u00eda, el mobiliario, la her\u00e1ldica, la poliorc\u00e9tica, la vestimenta del servicio, las colecciones patrimoniales). As\u00ed mismo, se facilita el acceso al conocimiento, incluyendo la realidad virtual del edificio con t\u00e9cnicas derivadas de la toma de datos con esc\u00e1ner l\u00e1ser, por medio de un sistema inform\u00e1tico que puede ser consultado desde el dispositivo del tel\u00e9fono m\u00f3vil.<\/p>\n<p>El proyecto, con enfoque multidisciplinar, est\u00e1 siendo desarrollado por cinco entidades asociadas. Junto a la Fundaci\u00f3n General de la Universidad Polit\u00e9cnica de Madrid:\u00a0 Paradores de Turismo de Espa\u00f1a S.M.E. S.A.; Fundaci\u00f3n Contempor\u00e1nea: GMV Soluciones Globales Internet S.A.; y La F\u00e1brica Gesti\u00f3n m\u00e1s Cultura S.L.<\/p>\n<p>El proyecto, identificado como C14.I04.P01.PROVISIONALSI21, forma parte del programa\u00a0<strong>\u00abExperiencias Turismo Espa\u00f1a\u00bb<\/strong> del Ministerio de Industria y Turismo,\u00a0<strong>financiado por la Uni\u00f3n Europea a trav\u00e9s de los fondos Next Generation EU, dentro del Plan de Recuperaci\u00f3n, Transformaci\u00f3n y Resiliencia del Gobierno de Espa\u00f1a. <\/strong>Esta iniciativa se enmarca en el componente 14, el Plan de modernizaci\u00f3n y competitividad del sector tur\u00edstico.<\/p>\n<\/div><div class=\"fusion-image-element \" style=\"text-align:center;--awb-caption-title-font-family:var(--h2_typography-font-family);--awb-caption-title-font-weight:var(--h2_typography-font-weight);--awb-caption-title-font-style:var(--h2_typography-font-style);--awb-caption-title-size:var(--h2_typography-font-size);--awb-caption-title-transform:var(--h2_typography-text-transform);--awb-caption-title-line-height:var(--h2_typography-line-height);--awb-caption-title-letter-spacing:var(--h2_typography-letter-spacing);\"><span class=\" fusion-imageframe imageframe-none imageframe-2 hover-type-none\"><img decoding=\"async\" width=\"580\" height=\"60\" alt=\"Descubre Paradores - Fondos NextGenerationEU\" title=\"FGUPM-pieFinal\" src=\"https:\/\/www.fgupm.es\/wp-content\/uploads\/2025\/05\/FGUPM-pieFinal-1.jpg\" class=\"img-responsive wp-image-14291\" srcset=\"https:\/\/www.fgupm.es\/wp-content\/uploads\/2025\/05\/FGUPM-pieFinal-1-200x21.jpg 200w, https:\/\/www.fgupm.es\/wp-content\/uploads\/2025\/05\/FGUPM-pieFinal-1-400x41.jpg 400w, https:\/\/www.fgupm.es\/wp-content\/uploads\/2025\/05\/FGUPM-pieFinal-1.jpg 580w\" sizes=\"(max-width: 1024px) 100vw, (max-width: 640px) 100vw, 580px\" \/><\/span><\/div><div class=\"fusion-text fusion-text-3\" style=\"--awb-margin-top:50px;\"><h1 style=\"text-align: center;\">Otras actuaciones<\/h1>\n<\/div>\n<div class=\"table-1\">\n<p>&nbsp;<\/p>\n<table width=\"100%\" cellspacing=\"10px\">\n<thead>\n<tr>\n<th align=\"left\"><div class=\"fusion-image-element \" style=\"--awb-caption-title-font-family:var(--h2_typography-font-family);--awb-caption-title-font-weight:var(--h2_typography-font-weight);--awb-caption-title-font-style:var(--h2_typography-font-style);--awb-caption-title-size:var(--h2_typography-font-size);--awb-caption-title-transform:var(--h2_typography-text-transform);--awb-caption-title-line-height:var(--h2_typography-line-height);--awb-caption-title-letter-spacing:var(--h2_typography-letter-spacing);\"><span class=\" fusion-imageframe imageframe-none imageframe-3 hover-type-none\"><img decoding=\"async\" width=\"1497\" height=\"1060\" title=\"V21004 PLACA &#8211; Cartel-Actuacion-Almacenamiento-Energtico-C8\" src=\"https:\/\/www.fgupm.es\/wp-content\/uploads\/2025\/09\/V21004-PLACA-Cartel-Actuacion-Almacenamiento-Energtico-C8-pdf.jpg\" alt class=\"img-responsive wp-image-14345\"\/><\/span><\/div><\/th>\n<th align=\"left\"><div class=\"fusion-image-element \" style=\"--awb-caption-title-font-family:var(--h2_typography-font-family);--awb-caption-title-font-weight:var(--h2_typography-font-weight);--awb-caption-title-font-style:var(--h2_typography-font-style);--awb-caption-title-size:var(--h2_typography-font-size);--awb-caption-title-transform:var(--h2_typography-text-transform);--awb-caption-title-line-height:var(--h2_typography-line-height);--awb-caption-title-letter-spacing:var(--h2_typography-letter-spacing);\"><span class=\" fusion-imageframe imageframe-none imageframe-4 hover-type-none\"><img decoding=\"async\" width=\"1497\" height=\"1060\" title=\"V21004 PLACA &#8211; Cartel-Actuacion-Almacenamiento-Energtico-C8\" src=\"https:\/\/www.fgupm.es\/wp-content\/uploads\/2025\/09\/V21004-PLACA-Cartel-Actuacion-Almacenamiento-Energtico-C8-1-pdf.jpg\" alt class=\"img-responsive wp-image-14346\"\/><\/span><\/div><\/th>\n<\/tr>\n<\/thead>\n<\/table>\n<\/div>\n<\/div><\/div><\/div><\/div>\n","protected":false},"excerpt":{"rendered":"","protected":false},"author":1,"featured_media":0,"parent":0,"menu_order":0,"comment_status":"closed","ping_status":"closed","template":"","meta":{"footnotes":""},"class_list":["post-14254","page","type-page","status-publish","hentry"],"_links":{"self":[{"href":"https:\/\/www.fgupm.es\/index.php?rest_route=\/wp\/v2\/pages\/14254","targetHints":{"allow":["GET"]}}],"collection":[{"href":"https:\/\/www.fgupm.es\/index.php?rest_route=\/wp\/v2\/pages"}],"about":[{"href":"https:\/\/www.fgupm.es\/index.php?rest_route=\/wp\/v2\/types\/page"}],"author":[{"embeddable":true,"href":"https:\/\/www.fgupm.es\/index.php?rest_route=\/wp\/v2\/users\/1"}],"replies":[{"embeddable":true,"href":"https:\/\/www.fgupm.es\/index.php?rest_route=%2Fwp%2Fv2%2Fcomments&post=14254"}],"version-history":[{"count":13,"href":"https:\/\/www.fgupm.es\/index.php?rest_route=\/wp\/v2\/pages\/14254\/revisions"}],"predecessor-version":[{"id":14347,"href":"https:\/\/www.fgupm.es\/index.php?rest_route=\/wp\/v2\/pages\/14254\/revisions\/14347"}],"wp:attachment":[{"href":"https:\/\/www.fgupm.es\/index.php?rest_route=%2Fwp%2Fv2%2Fmedia&parent=14254"}],"curies":[{"name":"wp","href":"https:\/\/api.w.org\/{rel}","templated":true}]}}